{"id":52,"date":"2025-07-15T15:28:39","date_gmt":"2025-07-15T13:28:39","guid":{"rendered":"http:\/\/orderstep.dk.dedivirt3426.your-server.de\/?page_id=52"},"modified":"2025-08-15T10:39:19","modified_gmt":"2025-08-15T08:39:19","slug":"about","status":"publish","type":"page","link":"https:\/\/orderstep.dk\/en\/about\/","title":{"rendered":"About us"},"content":{"rendered":"<p>[et_pb_section fb_built=&#8221;1&#8243; admin_label=&#8221;Hero Section&#8221; _builder_version=&#8221;4.27.4&#8243; background_color=&#8221;RGBA(255,255,255,0)&#8221; custom_padding=&#8221;100px|0px|100px|0px&#8221; global_colors_info=&#8221;{}&#8221;][et_pb_row column_structure=&#8221;1_2,1_2&#8243; _builder_version=&#8221;4.27.4&#8243; background_size=&#8221;initial&#8221; background_position=&#8221;top_left&#8221; background_repeat=&#8221;repeat&#8221; max_width=&#8221;70%&#8221; custom_margin=&#8221;|||&#8221; hover_enabled=&#8221;0&#8243; custom_css_main_element=&#8221;display:flex;&#8221; global_colors_info=&#8221;{}&#8221; custom_css_main_element_last_edited=&#8221;on|phone&#8221; custom_css_main_element_tablet=&#8221;display:block;&#8221; custom_css_main_element_phone=&#8221;display:block;&#8221; sticky_enabled=&#8221;0&#8243;][et_pb_column type=&#8221;1_2&#8243; _builder_version=&#8221;4.27.4&#8243; custom_padding=&#8221;40px|||&#8221; custom_css_main_element=&#8221;margin:auto;&#8221; global_colors_info=&#8221;{}&#8221; custom_padding__hover=&#8221;|||&#8221;][et_pb_text _builder_version=&#8221;4.27.4&#8243; text_font=&#8221;PT Sans||||||||&#8221; text_text_color=&#8221;#757575&#8243; text_font_size=&#8221;18px&#8221; text_line_height=&#8221;1.8em&#8221; header_font=&#8221;Poppins|500|||||||&#8221; header_text_color=&#8221;#1D1D1D&#8221; header_font_size=&#8221;44px&#8221; header_line_height=&#8221;1.3em&#8221; header_2_font=&#8221;||||||||&#8221; header_3_font=&#8221;||||||||&#8221; header_4_font=&#8221;||||||||&#8221; global_colors_info=&#8221;{}&#8221;]<\/p>\n<h1 style=\"text-align: center;\">Hvad er Orderstep?<\/h1>\n<p class=\"integer__title section-header\" style=\"text-align: center;\">Orderstep er en innovativ platform som revolutionerer virksomheders salgs- og ordreflow<\/p>\n<p>[\/et_pb_text][\/et_pb_column][et_pb_column type=&#8221;1_2&#8243; _builder_version=&#8221;4.16&#8243; custom_padding=&#8221;|||&#8221; global_colors_info=&#8221;{}&#8221; custom_padding__hover=&#8221;|||&#8221;][et_pb_image src=&#8221;https:\/\/ny.orderstep.dk\/wp-content\/uploads\/2025\/07\/Orderstep-Hero-illustration-1.png&#8221; title_text=&#8221;Orderstep Hero illustration&#8221; _builder_version=&#8221;4.27.4&#8243; max_width=&#8221;85%&#8221; max_width_tablet=&#8221;100%&#8221; max_width_phone=&#8221;100%&#8221; max_width_last_edited=&#8221;on|tablet&#8221; module_alignment=&#8221;left&#8221; animation_style=&#8221;slide&#8221; animation_direction=&#8221;top&#8221; animation_intensity_slide=&#8221;10%&#8221; hover_enabled=&#8221;0&#8243; always_center_on_mobile=&#8221;off&#8221; global_colors_info=&#8221;{}&#8221; align_last_edited=&#8221;off|tablet&#8221; sticky_enabled=&#8221;0&#8243; module_alignment_last_edited=&#8221;on|phone&#8221; module_alignment_tablet=&#8221;center&#8221; module_alignment_phone=&#8221;center&#8221;][\/et_pb_image][\/et_pb_column][\/et_pb_row][\/et_pb_section][et_pb_section fb_built=&#8221;1&#8243; admin_label=&#8221;Testimonial&#8221; _builder_version=&#8221;4.27.4&#8243; background_color=&#8221;#EEF6F4&#8243; custom_padding=&#8221;100px|0px|100px|0px&#8221; global_colors_info=&#8221;{}&#8221;][et_pb_row column_structure=&#8221;1_2,1_2&#8243; _builder_version=&#8221;4.16&#8243; custom_margin=&#8221;|||&#8221; global_colors_info=&#8221;{}&#8221;][et_pb_column type=&#8221;1_2&#8243; _builder_version=&#8221;4.16&#8243; custom_padding=&#8221;|||&#8221; global_colors_info=&#8221;{}&#8221; custom_padding__hover=&#8221;|||&#8221;][et_pb_image src=&#8221;https:\/\/ny.orderstep.dk\/wp-content\/uploads\/2025\/07\/finance-illustration-01.png&#8221; align_tablet=&#8221;center&#8221; align_phone=&#8221;center&#8221; align_last_edited=&#8221;on|desktop&#8221; _builder_version=&#8221;4.16&#8243; animation_style=&#8221;slide&#8221; animation_direction=&#8221;bottom&#8221; animation_intensity_slide=&#8221;10%&#8221; global_colors_info=&#8221;{}&#8221;][\/et_pb_image][\/et_pb_column][et_pb_column type=&#8221;1_2&#8243; _builder_version=&#8221;4.16&#8243; custom_padding=&#8221;|||&#8221; global_colors_info=&#8221;{}&#8221; custom_padding__hover=&#8221;|||&#8221;][et_pb_text _builder_version=&#8221;4.27.4&#8243; text_font=&#8221;PT Sans||||||||&#8221; text_text_color=&#8221;#757575&#8243; text_font_size=&#8221;18px&#8221; text_line_height=&#8221;1.8em&#8221; header_font=&#8221;Poppins|500|||||||&#8221; header_text_color=&#8221;#1D1D1D&#8221; header_font_size=&#8221;44px&#8221; header_line_height=&#8221;1.3em&#8221; header_2_font=&#8221;||||||||&#8221; header_3_font=&#8221;||||||||&#8221; header_4_font=&#8221;||||||||&#8221; global_colors_info=&#8221;{}&#8221;]<\/p>\n<h1 style=\"text-align: left;\">Vi g\u00f8r salgsflowet enkelt<\/h1>\n<p class=\"integer__title section-header\" style=\"text-align: left;\">Orderstep er skabt til at g\u00f8re din salgs- og ordreproces hurtigere, nemmere og mere overskuelig. Fra f\u00f8rste kontakt med en kunde til den endelige fakturering \u2013 vi samler alt i \u00e9n brugervenlig platform, s\u00e5 du kan bruge mindre tid p\u00e5 administration og mere tid p\u00e5 salg.<\/p>\n<p>[\/et_pb_text][\/et_pb_column][\/et_pb_row][\/et_pb_section][et_pb_section fb_built=&#8221;1&#8243; admin_label=&#8221;Testimonial&#8221; _builder_version=&#8221;4.27.4&#8243; background_color=&#8221;#FFFFFF&#8221; custom_padding=&#8221;100px|0px|100px|0px&#8221; global_colors_info=&#8221;{}&#8221;][et_pb_row column_structure=&#8221;1_2,1_2&#8243; _builder_version=&#8221;4.16&#8243; custom_margin=&#8221;|||&#8221; global_colors_info=&#8221;{}&#8221;][et_pb_column type=&#8221;1_2&#8243; _builder_version=&#8221;4.16&#8243; custom_padding=&#8221;|||&#8221; global_colors_info=&#8221;{}&#8221; custom_padding__hover=&#8221;|||&#8221;][et_pb_text _builder_version=&#8221;4.27.4&#8243; text_font=&#8221;PT Sans||||||||&#8221; text_text_color=&#8221;#757575&#8243; text_font_size=&#8221;18px&#8221; text_line_height=&#8221;1.8em&#8221; header_font=&#8221;Poppins|500|||||||&#8221; header_text_color=&#8221;#1D1D1D&#8221; header_font_size=&#8221;44px&#8221; header_line_height=&#8221;1.3em&#8221; header_2_font=&#8221;||||||||&#8221; header_3_font=&#8221;||||||||&#8221; header_4_font=&#8221;||||||||&#8221; global_colors_info=&#8221;{}&#8221;]<\/p>\n<h1 style=\"text-align: left;\">Alt samlet \u00e9t sted<\/h1>\n<p class=\"integer__title section-header\" style=\"text-align: left;\">Med integration til e-conomic og andre systemer f\u00e5r du fuldt overblik over tilbud, konverteringsrater, d\u00e6kningsgrader, profit og meget mere. Vi giver dig dataen, der g\u00f8r det nemt at tr\u00e6ffe de rigtige beslutninger \u2013 hurtigt.<\/p>\n<p>[\/et_pb_text][\/et_pb_column][et_pb_column type=&#8221;1_2&#8243; _builder_version=&#8221;4.16&#8243; custom_padding=&#8221;|||&#8221; global_colors_info=&#8221;{}&#8221; custom_padding__hover=&#8221;|||&#8221;][et_pb_image src=&#8221;https:\/\/ny.orderstep.dk\/wp-content\/uploads\/2025\/08\/Orderstep-Dashboard-illustration.png&#8221; title_text=&#8221;Orderstep Dashboard illustration&#8221; align_tablet=&#8221;center&#8221; align_phone=&#8221;center&#8221; align_last_edited=&#8221;on|desktop&#8221; _builder_version=&#8221;4.27.4&#8243; animation_style=&#8221;slide&#8221; animation_direction=&#8221;bottom&#8221; animation_intensity_slide=&#8221;10%&#8221; border_radii=&#8221;on|10px|10px|10px|10px&#8221; box_shadow_style=&#8221;preset3&#8243; box_shadow_spread=&#8221;-16px&#8221; global_colors_info=&#8221;{}&#8221;][\/et_pb_image][\/et_pb_column][\/et_pb_row][\/et_pb_section][et_pb_section fb_built=&#8221;1&#8243; admin_label=&#8221;Testimonial&#8221; _builder_version=&#8221;4.27.4&#8243; background_color=&#8221;#EEF6F4&#8243; custom_padding=&#8221;100px|0px|100px|0px&#8221; global_colors_info=&#8221;{}&#8221;][et_pb_row column_structure=&#8221;1_2,1_2&#8243; _builder_version=&#8221;4.27.4&#8243; custom_margin=&#8221;|||&#8221; custom_css_main_element=&#8221;display:flex;&#8221; global_colors_info=&#8221;{}&#8221; custom_css_main_element_last_edited=&#8221;on|phone&#8221; custom_css_main_element_tablet=&#8221;display:block;&#8221; custom_css_main_element_phone=&#8221;display:block;&#8221;][et_pb_column type=&#8221;1_2&#8243; _builder_version=&#8221;4.16&#8243; custom_padding=&#8221;|||&#8221; global_colors_info=&#8221;{}&#8221; custom_padding__hover=&#8221;|||&#8221;][et_pb_image src=&#8221;https:\/\/ny.orderstep.dk\/wp-content\/uploads\/2025\/08\/step.webp&#8221; title_text=&#8221;step&#8221; align_tablet=&#8221;center&#8221; align_phone=&#8221;center&#8221; align_last_edited=&#8221;on|desktop&#8221; _builder_version=&#8221;4.27.4&#8243; animation_style=&#8221;slide&#8221; animation_direction=&#8221;bottom&#8221; animation_intensity_slide=&#8221;10%&#8221; global_colors_info=&#8221;{}&#8221;][\/et_pb_image][\/et_pb_column][et_pb_column type=&#8221;1_2&#8243; _builder_version=&#8221;4.27.4&#8243; custom_padding=&#8221;|||&#8221; custom_css_main_element=&#8221;margin:auto;&#8221; global_colors_info=&#8221;{}&#8221; custom_padding__hover=&#8221;|||&#8221;][et_pb_text _builder_version=&#8221;4.27.4&#8243; text_font=&#8221;PT Sans||||||||&#8221; text_text_color=&#8221;#757575&#8243; text_font_size=&#8221;18px&#8221; text_line_height=&#8221;1.8em&#8221; header_font=&#8221;Poppins|500|||||||&#8221; header_text_color=&#8221;#1D1D1D&#8221; header_font_size=&#8221;44px&#8221; header_line_height=&#8221;1.3em&#8221; header_2_font=&#8221;||||||||&#8221; header_3_font=&#8221;||||||||&#8221; header_4_font=&#8221;||||||||&#8221; global_colors_info=&#8221;{}&#8221;]<\/p>\n<h1 style=\"text-align: left;\">Bygget til dine behov &#8211; nu og i fremtiden<\/h1>\n<p class=\"integer__title section-header\" style=\"text-align: left;\">Vi udvikler l\u00f8bende funktioner, der ikke kun l\u00f8ser dine udfordringer i dag, men ogs\u00e5 forbereder dig p\u00e5 morgendagens krav. Orderstep vokser med din forretning og tilpasser sig dine processer.<\/p>\n<p>[\/et_pb_text][\/et_pb_column][\/et_pb_row][\/et_pb_section][et_pb_section fb_built=&#8221;1&#8243; admin_label=&#8221;Testimonial&#8221; _builder_version=&#8221;4.27.4&#8243; background_color=&#8221;#FFFFFF&#8221; custom_padding=&#8221;100px|0px|100px|0px&#8221; global_colors_info=&#8221;{}&#8221;][et_pb_row column_structure=&#8221;1_2,1_2&#8243; _builder_version=&#8221;4.27.4&#8243; custom_margin=&#8221;|||&#8221; hover_enabled=&#8221;0&#8243; global_colors_info=&#8221;{}&#8221; custom_css_main_element=&#8221;display:flex;&#8221; custom_css_main_element_last_edited=&#8221;on|phone&#8221; sticky_enabled=&#8221;0&#8243; custom_css_main_element_tablet=&#8221;display:block;&#8221; custom_css_main_element_phone=&#8221;display:block;&#8221;][et_pb_column type=&#8221;1_2&#8243; _builder_version=&#8221;4.27.4&#8243; custom_padding=&#8221;|||&#8221; hover_enabled=&#8221;0&#8243; global_colors_info=&#8221;{}&#8221; custom_padding__hover=&#8221;|||&#8221; custom_css_main_element=&#8221;margin:auto;&#8221; sticky_enabled=&#8221;0&#8243;][et_pb_text _builder_version=&#8221;4.27.4&#8243; text_font=&#8221;PT Sans||||||||&#8221; text_text_color=&#8221;#757575&#8243; text_font_size=&#8221;18px&#8221; text_line_height=&#8221;1.8em&#8221; header_font=&#8221;Poppins|500|||||||&#8221; header_text_color=&#8221;#1D1D1D&#8221; header_font_size=&#8221;44px&#8221; header_line_height=&#8221;1.3em&#8221; header_2_font=&#8221;||||||||&#8221; header_3_font=&#8221;||||||||&#8221; header_4_font=&#8221;||||||||&#8221; global_colors_info=&#8221;{}&#8221;]<\/p>\n<h1 style=\"text-align: left;\">En partner, ikke bare et system<\/h1>\n<p class=\"integer__title section-header\" style=\"text-align: left;\">Vi arbejder t\u00e6t sammen med dig for at sikre, at Orderstep passer perfekt til din hverdag. Vores m\u00e5l er at v\u00e6re en betroet partner, der hj\u00e6lper dig med at v\u00e6kste \u2013 ikke bare en softwareleverand\u00f8r.<\/p>\n<p>[\/et_pb_text][\/et_pb_column][et_pb_column type=&#8221;1_2&#8243; _builder_version=&#8221;4.16&#8243; custom_padding=&#8221;|||&#8221; global_colors_info=&#8221;{}&#8221; custom_padding__hover=&#8221;|||&#8221;][et_pb_image src=&#8221;https:\/\/ny.orderstep.dk\/wp-content\/uploads\/2025\/08\/handshake-scaled.png&#8221; _builder_version=&#8221;4.27.4&#8243; _module_preset=&#8221;default&#8221; title_text=&#8221;handshake&#8221; hover_enabled=&#8221;0&#8243; sticky_enabled=&#8221;0&#8243;][\/et_pb_image][\/et_pb_column][\/et_pb_row][\/et_pb_section]<\/p>\n","protected":false},"excerpt":{"rendered":"<p>What is Orderstep? Orderstep is an innovative platform that revolutionises companies' sales and order flowWe make the sales flow simple Orderstep is designed to make your sales and order process faster, easier and more manageable. From first contact with a customer to final invoicing, we bring everything together in one easy-to-use platform so you can spend less time on administration and more time on sales.All in one place With integration to e-conomic and other systems, you get a full overview of quotes, conversion rates, fulfilment rates, profit and much more. We give you the data that makes it easy to make the right decisions - fast.Built for your needs - now and in the future We continuously develop features that not only solve your challenges today, but also prepare you for the demands of tomorrow. Orderstep grows with your business and adapts to your processes.A partner, not just a system We work closely with you to ensure that Orderstep is a perfect fit for your everyday life. Our goal is to be a trusted partner that helps you grow - not just a software provider.<\/p>","protected":false},"author":1,"featured_media":0,"parent":0,"menu_order":0,"comment_status":"closed","ping_status":"closed","template":"","meta":{"_et_pb_use_builder":"on","_et_pb_old_content":"","_et_gb_content_width":"","inline_featured_image":false,"footnotes":""},"class_list":["post-52","page","type-page","status-publish","hentry"],"yoast_head":"<!-- This site is optimized with the Yoast SEO plugin v27.3 - https:\/\/yoast.com\/product\/yoast-seo-wordpress\/ -->\n<title>Om os - Orderstep<\/title>\n<meta name=\"robots\" content=\"index, follow, max-snippet:-1, max-image-preview:large, max-video-preview:-1\" \/>\n<link rel=\"canonical\" href=\"https:\/\/orderstep.dk\/en\/about\/\" \/>\n<meta property=\"og:locale\" content=\"en_GB\" \/>\n<meta property=\"og:type\" content=\"article\" \/>\n<meta property=\"og:title\" content=\"Om os - Orderstep\" \/>\n<meta property=\"og:description\" content=\"Hvad er Orderstep? Orderstep er en innovativ platform som revolutionerer virksomheders salgs- og ordreflowVi g\u00f8r salgsflowet enkelt Orderstep er skabt til at g\u00f8re din salgs- og ordreproces hurtigere, nemmere og mere overskuelig. Fra f\u00f8rste kontakt med en kunde til den endelige fakturering \u2013 vi samler alt i \u00e9n brugervenlig platform, s\u00e5 du kan bruge mindre tid p\u00e5 administration og mere tid p\u00e5 salg.Alt samlet \u00e9t sted Med integration til e-conomic og andre systemer f\u00e5r du fuldt overblik over tilbud, konverteringsrater, d\u00e6kningsgrader, profit og meget mere. Vi giver dig dataen, der g\u00f8r det nemt at tr\u00e6ffe de rigtige beslutninger \u2013 hurtigt.Bygget til dine behov - nu og i fremtiden Vi udvikler l\u00f8bende funktioner, der ikke kun l\u00f8ser dine udfordringer i dag, men ogs\u00e5 forbereder dig p\u00e5 morgendagens krav. Orderstep vokser med din forretning og tilpasser sig dine processer.En partner, ikke bare et system Vi arbejder t\u00e6t sammen med dig for at sikre, at Orderstep passer perfekt til din hverdag. Vores m\u00e5l er at v\u00e6re en betroet partner, der hj\u00e6lper dig med at v\u00e6kste \u2013 ikke bare en softwareleverand\u00f8r.\" \/>\n<meta property=\"og:url\" content=\"https:\/\/orderstep.dk\/en\/about\/\" \/>\n<meta property=\"og:site_name\" content=\"Orderstep\" \/>\n<meta property=\"article:publisher\" content=\"https:\/\/www.facebook.com\/Orderstep\" \/>\n<meta property=\"article:modified_time\" content=\"2025-08-15T08:39:19+00:00\" \/>\n<meta property=\"og:image\" content=\"https:\/\/orderstep.dk\/wp-content\/uploads\/2025\/09\/orderstep-skrift-og-logo.png\" \/>\n\t<meta property=\"og:image:width\" content=\"1198\" \/>\n\t<meta property=\"og:image:height\" content=\"676\" \/>\n\t<meta property=\"og:image:type\" content=\"image\/png\" \/>\n<meta name=\"twitter:card\" content=\"summary_large_image\" \/>\n<meta name=\"twitter:label1\" content=\"Estimated reading time\" \/>\n\t<meta name=\"twitter:data1\" content=\"2 minutes\" \/>\n<script type=\"application\/ld+json\" class=\"yoast-schema-graph\">{\"@context\":\"https:\\\/\\\/schema.org\",\"@graph\":[{\"@type\":\"WebPage\",\"@id\":\"https:\\\/\\\/orderstep.dk\\\/about\\\/\",\"url\":\"https:\\\/\\\/orderstep.dk\\\/about\\\/\",\"name\":\"Om os - Orderstep\",\"isPartOf\":{\"@id\":\"https:\\\/\\\/orderstep.dk\\\/#website\"},\"datePublished\":\"2025-07-15T13:28:39+00:00\",\"dateModified\":\"2025-08-15T08:39:19+00:00\",\"breadcrumb\":{\"@id\":\"https:\\\/\\\/orderstep.dk\\\/about\\\/#breadcrumb\"},\"inLanguage\":\"en-GB\",\"potentialAction\":[{\"@type\":\"ReadAction\",\"target\":[\"https:\\\/\\\/orderstep.dk\\\/about\\\/\"]}]},{\"@type\":\"BreadcrumbList\",\"@id\":\"https:\\\/\\\/orderstep.dk\\\/about\\\/#breadcrumb\",\"itemListElement\":[{\"@type\":\"ListItem\",\"position\":1,\"name\":\"Hjem\",\"item\":\"https:\\\/\\\/orderstep.dk\\\/\"},{\"@type\":\"ListItem\",\"position\":2,\"name\":\"Om os\"}]},{\"@type\":\"WebSite\",\"@id\":\"https:\\\/\\\/orderstep.dk\\\/#website\",\"url\":\"https:\\\/\\\/orderstep.dk\\\/\",\"name\":\"Orderstep\",\"description\":\"\",\"publisher\":{\"@id\":\"https:\\\/\\\/orderstep.dk\\\/#organization\"},\"potentialAction\":[{\"@type\":\"SearchAction\",\"target\":{\"@type\":\"EntryPoint\",\"urlTemplate\":\"https:\\\/\\\/orderstep.dk\\\/?s={search_term_string}\"},\"query-input\":{\"@type\":\"PropertyValueSpecification\",\"valueRequired\":true,\"valueName\":\"search_term_string\"}}],\"inLanguage\":\"en-GB\"},{\"@type\":\"Organization\",\"@id\":\"https:\\\/\\\/orderstep.dk\\\/#organization\",\"name\":\"Orderstep ApS\",\"url\":\"https:\\\/\\\/orderstep.dk\\\/\",\"logo\":{\"@type\":\"ImageObject\",\"inLanguage\":\"en-GB\",\"@id\":\"https:\\\/\\\/orderstep.dk\\\/#\\\/schema\\\/logo\\\/image\\\/\",\"url\":\"https:\\\/\\\/orderstep.dk\\\/wp-content\\\/uploads\\\/2025\\\/09\\\/300x300_px_orderstep_linkedin_logo2.png\",\"contentUrl\":\"https:\\\/\\\/orderstep.dk\\\/wp-content\\\/uploads\\\/2025\\\/09\\\/300x300_px_orderstep_linkedin_logo2.png\",\"width\":300,\"height\":300,\"caption\":\"Orderstep ApS\"},\"image\":{\"@id\":\"https:\\\/\\\/orderstep.dk\\\/#\\\/schema\\\/logo\\\/image\\\/\"},\"sameAs\":[\"https:\\\/\\\/www.facebook.com\\\/Orderstep\",\"https:\\\/\\\/www.youtube.com\\\/@Orderstep\",\"https:\\\/\\\/www.linkedin.com\\\/company\\\/orderstep\\\/\"]}]}<\/script>\n<!-- \/ Yoast SEO plugin. -->","yoast_head_json":{"title":"About us - Orderstep","robots":{"index":"index","follow":"follow","max-snippet":"max-snippet:-1","max-image-preview":"max-image-preview:large","max-video-preview":"max-video-preview:-1"},"canonical":"https:\/\/orderstep.dk\/en\/about\/","og_locale":"en_GB","og_type":"article","og_title":"Om os - Orderstep","og_description":"Hvad er Orderstep? Orderstep er en innovativ platform som revolutionerer virksomheders salgs- og ordreflowVi g\u00f8r salgsflowet enkelt Orderstep er skabt til at g\u00f8re din salgs- og ordreproces hurtigere, nemmere og mere overskuelig. Fra f\u00f8rste kontakt med en kunde til den endelige fakturering \u2013 vi samler alt i \u00e9n brugervenlig platform, s\u00e5 du kan bruge mindre tid p\u00e5 administration og mere tid p\u00e5 salg.Alt samlet \u00e9t sted Med integration til e-conomic og andre systemer f\u00e5r du fuldt overblik over tilbud, konverteringsrater, d\u00e6kningsgrader, profit og meget mere. Vi giver dig dataen, der g\u00f8r det nemt at tr\u00e6ffe de rigtige beslutninger \u2013 hurtigt.Bygget til dine behov - nu og i fremtiden Vi udvikler l\u00f8bende funktioner, der ikke kun l\u00f8ser dine udfordringer i dag, men ogs\u00e5 forbereder dig p\u00e5 morgendagens krav. Orderstep vokser med din forretning og tilpasser sig dine processer.En partner, ikke bare et system Vi arbejder t\u00e6t sammen med dig for at sikre, at Orderstep passer perfekt til din hverdag. Vores m\u00e5l er at v\u00e6re en betroet partner, der hj\u00e6lper dig med at v\u00e6kste \u2013 ikke bare en softwareleverand\u00f8r.","og_url":"https:\/\/orderstep.dk\/en\/about\/","og_site_name":"Orderstep","article_publisher":"https:\/\/www.facebook.com\/Orderstep","article_modified_time":"2025-08-15T08:39:19+00:00","og_image":[{"width":1198,"height":676,"url":"https:\/\/orderstep.dk\/wp-content\/uploads\/2025\/09\/orderstep-skrift-og-logo.png","type":"image\/png"}],"twitter_card":"summary_large_image","twitter_misc":{"Estimated reading time":"2 minutes"},"schema":{"@context":"https:\/\/schema.org","@graph":[{"@type":"WebPage","@id":"https:\/\/orderstep.dk\/about\/","url":"https:\/\/orderstep.dk\/about\/","name":"About us - Orderstep","isPartOf":{"@id":"https:\/\/orderstep.dk\/#website"},"datePublished":"2025-07-15T13:28:39+00:00","dateModified":"2025-08-15T08:39:19+00:00","breadcrumb":{"@id":"https:\/\/orderstep.dk\/about\/#breadcrumb"},"inLanguage":"en-GB","potentialAction":[{"@type":"ReadAction","target":["https:\/\/orderstep.dk\/about\/"]}]},{"@type":"BreadcrumbList","@id":"https:\/\/orderstep.dk\/about\/#breadcrumb","itemListElement":[{"@type":"ListItem","position":1,"name":"Hjem","item":"https:\/\/orderstep.dk\/"},{"@type":"ListItem","position":2,"name":"Om os"}]},{"@type":"WebSite","@id":"https:\/\/orderstep.dk\/#website","url":"https:\/\/orderstep.dk\/","name":"Order step","description":"","publisher":{"@id":"https:\/\/orderstep.dk\/#organization"},"potentialAction":[{"@type":"SearchAction","target":{"@type":"EntryPoint","urlTemplate":"https:\/\/orderstep.dk\/?s={search_term_string}"},"query-input":{"@type":"PropertyValueSpecification","valueRequired":true,"valueName":"search_term_string"}}],"inLanguage":"en-GB"},{"@type":"Organization","@id":"https:\/\/orderstep.dk\/#organization","name":"Orderstep ApS","url":"https:\/\/orderstep.dk\/","logo":{"@type":"ImageObject","inLanguage":"en-GB","@id":"https:\/\/orderstep.dk\/#\/schema\/logo\/image\/","url":"https:\/\/orderstep.dk\/wp-content\/uploads\/2025\/09\/300x300_px_orderstep_linkedin_logo2.png","contentUrl":"https:\/\/orderstep.dk\/wp-content\/uploads\/2025\/09\/300x300_px_orderstep_linkedin_logo2.png","width":300,"height":300,"caption":"Orderstep ApS"},"image":{"@id":"https:\/\/orderstep.dk\/#\/schema\/logo\/image\/"},"sameAs":["https:\/\/www.facebook.com\/Orderstep","https:\/\/www.youtube.com\/@Orderstep","https:\/\/www.linkedin.com\/company\/orderstep\/"]}]}},"_links":{"self":[{"href":"https:\/\/orderstep.dk\/en\/wp-json\/wp\/v2\/pages\/52","targetHints":{"allow":["GET"]}}],"collection":[{"href":"https:\/\/orderstep.dk\/en\/wp-json\/wp\/v2\/pages"}],"about":[{"href":"https:\/\/orderstep.dk\/en\/wp-json\/wp\/v2\/types\/page"}],"author":[{"embeddable":true,"href":"https:\/\/orderstep.dk\/en\/wp-json\/wp\/v2\/users\/1"}],"replies":[{"embeddable":true,"href":"https:\/\/orderstep.dk\/en\/wp-json\/wp\/v2\/comments?post=52"}],"version-history":[{"count":7,"href":"https:\/\/orderstep.dk\/en\/wp-json\/wp\/v2\/pages\/52\/revisions"}],"predecessor-version":[{"id":26809,"href":"https:\/\/orderstep.dk\/en\/wp-json\/wp\/v2\/pages\/52\/revisions\/26809"}],"wp:attachment":[{"href":"https:\/\/orderstep.dk\/en\/wp-json\/wp\/v2\/media?parent=52"}],"curies":[{"name":"wp","href":"https:\/\/api.w.org\/{rel}","templated":true}]}}