{"id":45,"date":"2025-07-15T15:25:01","date_gmt":"2025-07-15T13:25:01","guid":{"rendered":"http:\/\/orderstep.dk.dedivirt3426.your-server.de\/?page_id=45"},"modified":"2025-08-15T15:40:15","modified_gmt":"2025-08-15T13:40:15","slug":"get-orderstep-demo","status":"publish","type":"page","link":"https:\/\/orderstep.dk\/en\/get-orderstep-demo\/","title":{"rendered":"Contact us"},"content":{"rendered":"<p>[et_pb_section fb_built=&#8221;1&#8243; admin_label=&#8221;Locations&#8221; _builder_version=&#8221;4.27.4&#8243; background_enable_color=&#8221;off&#8221; custom_padding=&#8221;100px|0px|100px|0px|true|false&#8221; global_colors_info=&#8221;{}&#8221;][et_pb_row _builder_version=&#8221;4.27.4&#8243; _module_preset=&#8221;default&#8221; global_colors_info=&#8221;{}&#8221;][et_pb_column type=&#8221;4_4&#8243; _builder_version=&#8221;4.27.4&#8243; _module_preset=&#8221;default&#8221; global_colors_info=&#8221;{}&#8221;][et_pb_text _builder_version=&#8221;4.27.4&#8243; _module_preset=&#8221;default&#8221; min_height=&#8221;17px&#8221; global_colors_info=&#8221;{}&#8221;]<\/p>\n<h1>Kontakt os<\/h1>\n<p>[\/et_pb_text][\/et_pb_column][\/et_pb_row][et_pb_row column_structure=&#8221;1_2,1_2&#8243; _builder_version=&#8221;4.27.4&#8243; background_color=&#8221;#FFFFFF&#8221; custom_padding=&#8221;0px|0px|0px|0px&#8221; animation_style=&#8221;slide&#8221; animation_direction=&#8221;bottom&#8221; animation_intensity_slide=&#8221;10%&#8221; hover_enabled=&#8221;0&#8243; border_radii=&#8221;on|10px|10px|10px|10px&#8221; box_shadow_style=&#8221;preset1&#8243; box_shadow_vertical=&#8221;0px&#8221; box_shadow_color=&#8221;rgba(0,0,0,0.2)&#8221; global_colors_info=&#8221;{}&#8221; animation_duration=&#8221;500ms&#8221; sticky_enabled=&#8221;0&#8243;][et_pb_column type=&#8221;1_2&#8243; _builder_version=&#8221;4.16&#8243; custom_padding=&#8221;30px|30px|30px|30px&#8221; global_colors_info=&#8221;{}&#8221; custom_padding__hover=&#8221;|||&#8221;][et_pb_text _builder_version=&#8221;4.27.4&#8243; text_font=&#8221;PT Sans||||||||&#8221; text_text_color=&#8221;#1D1D1D&#8221; text_font_size=&#8221;18px&#8221; text_line_height=&#8221;1.8em&#8221; link_text_color=&#8221;#1D1D1D&#8221; header_font=&#8221;||||||||&#8221; header_2_font=&#8221;Poppins|500|||||||&#8221; header_2_text_color=&#8221;#1D1D1D&#8221; header_2_font_size=&#8221;38px&#8221; header_2_line_height=&#8221;1.3em&#8221; header_3_font=&#8221;||||||||&#8221; header_4_font=&#8221;||||||||&#8221; background_layout=&#8221;dark&#8221; global_colors_info=&#8221;{}&#8221; link_text_color__hover_enabled=&#8221;on|hover&#8221; link_text_color__hover=&#8221;#5AB898&#8243;]<\/p>\n<h2>Ring eller skriv til os<\/h2>\n<p>Har du sp\u00f8rgsm\u00e5l vedr\u00f8rende features og uddybende salgs forklaring er du altid velkommen til at ringe eller skrive til vores salgs afdeling:<\/p>\n<p>Telfon: <a href=\"tel:+45109090\">+45 41 10 90 90<\/a><br \/>Mail: <a href=\"mailto:salg@orderstep.dk\">salg@orderstep.dk<\/a><\/p>\n<p>[\/et_pb_text][et_pb_code _builder_version=&#8221;4.27.4&#8243; _module_preset=&#8221;default&#8221; border_radii=&#8221;on|10px|10px|10px|10px&#8221; global_colors_info=&#8221;{}&#8221;]<iframe src=\"https:\/\/www.google.com\/maps\/embed?pb=!1m18!1m12!1m3!1d2246.3219328658906!2d12.382314293828097!3d55.73553520366127!2m3!1f0!2f0!3f0!3m2!1i1024!2i768!4f13.1!3m3!1m2!1s0x46525930c6d0548f%3A0xae6a642e3c20418c!2sOrderstep%20ApS!5e0!3m2!1sda!2sdk!4v1754916185986!5m2!1sda!2sdk\" width=\"100%\" height=\"300px\" style=\"border:0;\" allowfullscreen=\"\" loading=\"lazy\" referrerpolicy=\"no-referrer-when-downgrade\"><\/iframe>[\/et_pb_code][\/et_pb_column][et_pb_column type=&#8221;1_2&#8243; _builder_version=&#8221;4.16&#8243; custom_padding=&#8221;30px|30px|30px|30px&#8221; global_colors_info=&#8221;{}&#8221; custom_padding__hover=&#8221;|||&#8221;][et_pb_text _builder_version=&#8221;4.27.4&#8243; text_font=&#8221;PT Sans||||||||&#8221; text_text_color=&#8221;#1D1D1D&#8221; text_font_size=&#8221;18px&#8221; text_line_height=&#8221;1.8em&#8221; header_font=&#8221;||||||||&#8221; header_2_font=&#8221;Poppins|500|||||||&#8221; header_2_text_color=&#8221;#1D1D1D&#8221; header_2_font_size=&#8221;38px&#8221; header_2_line_height=&#8221;1.3em&#8221; header_3_font=&#8221;||||||||&#8221; header_4_font=&#8221;||||||||&#8221; background_layout=&#8221;dark&#8221; global_colors_info=&#8221;{}&#8221;]<\/p>\n<h2>Book en demo<\/h2>\n<p>og se, hvordan vi kan g\u00f8re din tilbudsproces hurtigere, smartere og mere effektiv, tilpasset din forretning.<\/p>\n<p>[\/et_pb_text][dsm_contact_form_7 cf7_library=&#8221;66&#8243; label_bottom_spacing=&#8221;0px&#8221; _builder_version=&#8221;4.27.4&#8243; _module_preset=&#8221;default&#8221; custom_button_one=&#8221;on&#8221; button_one_text_color=&#8221;#3D6CC9&#8243; button_one_bg_color=&#8221;RGBA(255,255,255,0)&#8221; button_one_border_color=&#8221;#3D6CC9&#8243; button_one_icon=&#8221;&#x35;||divi||400&#8243; button_one_icon_color=&#8221;#3D6CC9&#8243; button_one_icon_placement=&#8221;left&#8221; button_one_on_hover=&#8221;off&#8221; border_radii_image=&#8221;on|10px|10px|10px|10px&#8221; box_shadow_style_input_field=&#8221;preset3&#8243; box_shadow_spread_input_field=&#8221;-13px&#8221; box_shadow_color_input_field=&#8221;rgba(0,0,0,0.2)&#8221; global_colors_info=&#8221;{}&#8221; button_one_bg_color__hover_enabled=&#8221;on|hover&#8221; button_one_bg_color__hover=&#8221;#3D6CC9&#8243; button_one_bg_enable_color__hover=&#8221;on&#8221; button_one_text_color__hover_enabled=&#8221;on|desktop&#8221; button_one_text_color__hover=&#8221;#FFFFFF&#8221; button_one_text_size__hover_enabled=&#8221;off|hover&#8221; button_one_text_size__hover=&#8221;25px&#8221; button_one_icon_color__hover_enabled=&#8221;on|hover&#8221; button_one_icon_color__hover=&#8221;#FFFFFF&#8221; button_one_custom_padding__hover_enabled=&#8221;off|hover&#8221; button_one_custom_padding__hover=&#8221;16px||16px||false|false&#8221;][\/dsm_contact_form_7][\/et_pb_column][\/et_pb_row][\/et_pb_section]<\/p>\n","protected":false},"excerpt":{"rendered":"<p>Contact usCall or write to us If you have any questions regarding features and detailed sales explanations, you are always welcome to call or write to our sales department: Telfon: +45 41 10 90 90Mail: salg@orderstep.dkBook a demo and see how we can make your quotation process faster, smarter and more efficient, customised to your business.<div class=\"et_pb_module dsm_contact_form_7 dsm_contact_form_7_0\">\n\t\t\t\t\n\t\t\t\t\n\t\t\t\t\n\t\t\t\t\n\t\t\t\t\n\t\t\t\t\n\t\t\t\t<div class=\"et_pb_module_inner\">\n\t\t\t\t\t<div class=\"dsm_contact_form_7_btn_icon\" data-dsm-btn-icon=\"&#x35;\">\n\t\t\t\t\n<div class=\"wpcf7 no-js\" id=\"wpcf7-f66-o1\" lang=\"da-DK\" dir=\"ltr\" data-wpcf7-id=\"66\">\n<div class=\"screen-reader-response\"><p role=\"status\" aria-live=\"polite\" aria-atomic=\"true\"><\/p> <ul><\/ul><\/div>\n<form action=\"\/en\/wp-json\/wp\/v2\/pages\/45#wpcf7-f66-o1\" method=\"post\" class=\"wpcf7-form init\" aria-label=\"Contact form\" novalidate=\"novalidate\" data-status=\"init\" data-trp-original-action=\"\/en\/wp-json\/wp\/v2\/pages\/45#wpcf7-f66-o1\">\n<fieldset class=\"hidden-fields-container\"><input type=\"hidden\" name=\"_wpcf7\" value=\"66\" \/><input type=\"hidden\" name=\"_wpcf7_version\" value=\"6.1.5\" \/><input type=\"hidden\" name=\"_wpcf7_locale\" value=\"da_DK\" \/><input type=\"hidden\" name=\"_wpcf7_unit_tag\" value=\"wpcf7-f66-o1\" \/><input type=\"hidden\" name=\"_wpcf7_container_post\" value=\"0\" \/><input type=\"hidden\" name=\"_wpcf7_posted_data_hash\" value=\"\" \/>\n<\/fieldset>\n<div class=\"form-section__block\">\n\t<div class=\"form-section__item\">\n\t\t<p><span class=\"wpcf7-form-control-wrap\" data-name=\"your-name\"><input size=\"40\" maxlength=\"400\" class=\"wpcf7-form-control wpcf7-text wpcf7-validates-as-required\" autocomplete=\"name\" aria-required=\"true\" aria-invalid=\"false\" placeholder=\"Name\" value=\"\" type=\"text\" name=\"your-name\" \/><\/span>\n\t\t<\/p>\n\t<\/div>\n<\/div>\n<div class=\"form-section__block\">\n\t<div class=\"form-section__item\">\n\t\t<p><span class=\"wpcf7-form-control-wrap\" data-name=\"email\"><input size=\"40\" maxlength=\"400\" class=\"wpcf7-form-control wpcf7-email wpcf7-validates-as-required wpcf7-text wpcf7-validates-as-email\" autocomplete=\"email\" aria-required=\"true\" aria-invalid=\"false\" placeholder=\"Email\" value=\"\" type=\"email\" name=\"email\" \/><\/span>\n\t\t<\/p>\n\t<\/div>\n\t<div class=\"form-section__item\">\n\t\t<p><span class=\"wpcf7-form-control-wrap\" data-name=\"phone\"><input size=\"40\" maxlength=\"400\" class=\"wpcf7-form-control wpcf7-text wpcf7-validates-as-required\" autocomplete=\"phone\" aria-required=\"true\" aria-invalid=\"false\" placeholder=\"Phone number\" value=\"\" type=\"text\" name=\"phone\" \/><\/span>\n\t\t<\/p>\n\t<\/div>\n<\/div>\n<div class=\"form-section__block\">\n\t<div class=\"form-section__item\">\n\t\t<p><span class=\"wpcf7-form-control-wrap\" data-name=\"company\"><input size=\"40\" maxlength=\"400\" class=\"wpcf7-form-control wpcf7-text wpcf7-validates-as-required\" autocomplete=\"company\" aria-required=\"true\" aria-invalid=\"false\" placeholder=\"The company\" value=\"\" type=\"text\" name=\"company\" \/><\/span>\n\t\t<\/p>\n\t<\/div>\n\t<div class=\"form-section__block\">\n\t<\/div>\n<\/div>\n<div class=\"form-section__label-checkbox\">\n\t<font color\"#fff\">\n\t\t<p><span class=\"wpcf7-form-control-wrap\" data-name=\"accept-this-3\"><span class=\"wpcf7-form-control wpcf7-acceptance\"><span class=\"wpcf7-list-item\"><label><input type=\"checkbox\" name=\"accept-this-3\" value=\"1\" aria-invalid=\"false\" \/><span class=\"wpcf7-list-item-label\">At Orderstep ApS, we always process your personal data responsibly and only for what we are authorised to do.<br\/>I give my consent to be contacted. You can withdraw your consent at any time by sending us an email at persondata@orderstep.dk<\/span><\/label><\/span><\/span><\/span>\n\t\t<\/p>\n\t<\/font>\n<\/div>\n<p><button class=\"wpcf7-form-control wpcf7-submit has-spinner et_pb_button et_pb_bg_layout_light\" type=\"submit\" value=\"Indsend\">Submit<\/button>\n<\/p><div class=\"wpcf7-response-output\" aria-hidden=\"true\"><\/div>\n<input type=\"hidden\" name=\"trp-form-language\" value=\"en\"\/><\/form>\n<\/div>\n\n\t\t\t<\/div>\n\t\t\t\t<\/div>\n\t\t\t<\/div><\/p>","protected":false},"author":1,"featured_media":0,"parent":0,"menu_order":0,"comment_status":"closed","ping_status":"closed","template":"","meta":{"_et_pb_use_builder":"on","_et_pb_old_content":"","_et_gb_content_width":"","inline_featured_image":false,"footnotes":""},"class_list":["post-45","page","type-page","status-publish","hentry"],"yoast_head":"<!-- This site is optimized with the Yoast SEO plugin v27.3 - https:\/\/yoast.com\/product\/yoast-seo-wordpress\/ -->\n<title>Kontakt - Orderstep<\/title>\n<meta name=\"robots\" content=\"index, follow, max-snippet:-1, max-image-preview:large, max-video-preview:-1\" \/>\n<link rel=\"canonical\" href=\"https:\/\/orderstep.dk\/en\/get-orderstep-demo\/\" \/>\n<meta property=\"og:locale\" content=\"en_GB\" \/>\n<meta property=\"og:type\" content=\"article\" \/>\n<meta property=\"og:title\" content=\"Kontakt - Orderstep\" \/>\n<meta property=\"og:description\" content=\"Kontakt osRing eller skriv til os Har du sp\u00f8rgsm\u00e5l vedr\u00f8rende features og uddybende salgs forklaring er du altid velkommen til at ringe eller skrive til vores salgs afdeling: Telfon: +45 41 10 90 90Mail: salg@orderstep.dkBook en demo og se, hvordan vi kan g\u00f8re din tilbudsproces hurtigere, smartere og mere effektiv, tilpasset din forretning.\" \/>\n<meta property=\"og:url\" content=\"https:\/\/orderstep.dk\/en\/get-orderstep-demo\/\" \/>\n<meta property=\"og:site_name\" content=\"Orderstep\" \/>\n<meta property=\"article:publisher\" content=\"https:\/\/www.facebook.com\/Orderstep\" \/>\n<meta property=\"article:modified_time\" content=\"2025-08-15T13:40:15+00:00\" \/>\n<meta property=\"og:image\" content=\"https:\/\/orderstep.dk\/wp-content\/uploads\/2025\/09\/orderstep-skrift-og-logo.png\" \/>\n\t<meta property=\"og:image:width\" content=\"1198\" \/>\n\t<meta property=\"og:image:height\" content=\"676\" \/>\n\t<meta property=\"og:image:type\" content=\"image\/png\" \/>\n<meta name=\"twitter:card\" content=\"summary_large_image\" \/>\n<meta name=\"twitter:label1\" content=\"Estimated reading time\" \/>\n\t<meta name=\"twitter:data1\" content=\"1 minute\" \/>\n<script type=\"application\/ld+json\" class=\"yoast-schema-graph\">{\"@context\":\"https:\\\/\\\/schema.org\",\"@graph\":[{\"@type\":\"WebPage\",\"@id\":\"https:\\\/\\\/orderstep.dk\\\/get-orderstep-demo\\\/\",\"url\":\"https:\\\/\\\/orderstep.dk\\\/get-orderstep-demo\\\/\",\"name\":\"Kontakt - Orderstep\",\"isPartOf\":{\"@id\":\"https:\\\/\\\/orderstep.dk\\\/#website\"},\"datePublished\":\"2025-07-15T13:25:01+00:00\",\"dateModified\":\"2025-08-15T13:40:15+00:00\",\"breadcrumb\":{\"@id\":\"https:\\\/\\\/orderstep.dk\\\/get-orderstep-demo\\\/#breadcrumb\"},\"inLanguage\":\"en-GB\",\"potentialAction\":[{\"@type\":\"ReadAction\",\"target\":[\"https:\\\/\\\/orderstep.dk\\\/get-orderstep-demo\\\/\"]}]},{\"@type\":\"BreadcrumbList\",\"@id\":\"https:\\\/\\\/orderstep.dk\\\/get-orderstep-demo\\\/#breadcrumb\",\"itemListElement\":[{\"@type\":\"ListItem\",\"position\":1,\"name\":\"Hjem\",\"item\":\"https:\\\/\\\/orderstep.dk\\\/\"},{\"@type\":\"ListItem\",\"position\":2,\"name\":\"Kontakt\"}]},{\"@type\":\"WebSite\",\"@id\":\"https:\\\/\\\/orderstep.dk\\\/#website\",\"url\":\"https:\\\/\\\/orderstep.dk\\\/\",\"name\":\"Orderstep\",\"description\":\"\",\"publisher\":{\"@id\":\"https:\\\/\\\/orderstep.dk\\\/#organization\"},\"potentialAction\":[{\"@type\":\"SearchAction\",\"target\":{\"@type\":\"EntryPoint\",\"urlTemplate\":\"https:\\\/\\\/orderstep.dk\\\/?s={search_term_string}\"},\"query-input\":{\"@type\":\"PropertyValueSpecification\",\"valueRequired\":true,\"valueName\":\"search_term_string\"}}],\"inLanguage\":\"en-GB\"},{\"@type\":\"Organization\",\"@id\":\"https:\\\/\\\/orderstep.dk\\\/#organization\",\"name\":\"Orderstep ApS\",\"url\":\"https:\\\/\\\/orderstep.dk\\\/\",\"logo\":{\"@type\":\"ImageObject\",\"inLanguage\":\"en-GB\",\"@id\":\"https:\\\/\\\/orderstep.dk\\\/#\\\/schema\\\/logo\\\/image\\\/\",\"url\":\"https:\\\/\\\/orderstep.dk\\\/wp-content\\\/uploads\\\/2025\\\/09\\\/300x300_px_orderstep_linkedin_logo2.png\",\"contentUrl\":\"https:\\\/\\\/orderstep.dk\\\/wp-content\\\/uploads\\\/2025\\\/09\\\/300x300_px_orderstep_linkedin_logo2.png\",\"width\":300,\"height\":300,\"caption\":\"Orderstep ApS\"},\"image\":{\"@id\":\"https:\\\/\\\/orderstep.dk\\\/#\\\/schema\\\/logo\\\/image\\\/\"},\"sameAs\":[\"https:\\\/\\\/www.facebook.com\\\/Orderstep\",\"https:\\\/\\\/www.youtube.com\\\/@Orderstep\",\"https:\\\/\\\/www.linkedin.com\\\/company\\\/orderstep\\\/\"]}]}<\/script>\n<!-- \/ Yoast SEO plugin. -->","yoast_head_json":{"title":"Contact - Order step","robots":{"index":"index","follow":"follow","max-snippet":"max-snippet:-1","max-image-preview":"max-image-preview:large","max-video-preview":"max-video-preview:-1"},"canonical":"https:\/\/orderstep.dk\/en\/get-orderstep-demo\/","og_locale":"en_GB","og_type":"article","og_title":"Kontakt - Orderstep","og_description":"Kontakt osRing eller skriv til os Har du sp\u00f8rgsm\u00e5l vedr\u00f8rende features og uddybende salgs forklaring er du altid velkommen til at ringe eller skrive til vores salgs afdeling: Telfon: +45 41 10 90 90Mail: salg@orderstep.dkBook en demo og se, hvordan vi kan g\u00f8re din tilbudsproces hurtigere, smartere og mere effektiv, tilpasset din forretning.","og_url":"https:\/\/orderstep.dk\/en\/get-orderstep-demo\/","og_site_name":"Orderstep","article_publisher":"https:\/\/www.facebook.com\/Orderstep","article_modified_time":"2025-08-15T13:40:15+00:00","og_image":[{"width":1198,"height":676,"url":"https:\/\/orderstep.dk\/wp-content\/uploads\/2025\/09\/orderstep-skrift-og-logo.png","type":"image\/png"}],"twitter_card":"summary_large_image","twitter_misc":{"Estimated reading time":"1 minute"},"schema":{"@context":"https:\/\/schema.org","@graph":[{"@type":"WebPage","@id":"https:\/\/orderstep.dk\/get-orderstep-demo\/","url":"https:\/\/orderstep.dk\/get-orderstep-demo\/","name":"Contact - Order step","isPartOf":{"@id":"https:\/\/orderstep.dk\/#website"},"datePublished":"2025-07-15T13:25:01+00:00","dateModified":"2025-08-15T13:40:15+00:00","breadcrumb":{"@id":"https:\/\/orderstep.dk\/get-orderstep-demo\/#breadcrumb"},"inLanguage":"en-GB","potentialAction":[{"@type":"ReadAction","target":["https:\/\/orderstep.dk\/get-orderstep-demo\/"]}]},{"@type":"BreadcrumbList","@id":"https:\/\/orderstep.dk\/get-orderstep-demo\/#breadcrumb","itemListElement":[{"@type":"ListItem","position":1,"name":"Hjem","item":"https:\/\/orderstep.dk\/"},{"@type":"ListItem","position":2,"name":"Kontakt"}]},{"@type":"WebSite","@id":"https:\/\/orderstep.dk\/#website","url":"https:\/\/orderstep.dk\/","name":"Order step","description":"","publisher":{"@id":"https:\/\/orderstep.dk\/#organization"},"potentialAction":[{"@type":"SearchAction","target":{"@type":"EntryPoint","urlTemplate":"https:\/\/orderstep.dk\/?s={search_term_string}"},"query-input":{"@type":"PropertyValueSpecification","valueRequired":true,"valueName":"search_term_string"}}],"inLanguage":"en-GB"},{"@type":"Organization","@id":"https:\/\/orderstep.dk\/#organization","name":"Orderstep ApS","url":"https:\/\/orderstep.dk\/","logo":{"@type":"ImageObject","inLanguage":"en-GB","@id":"https:\/\/orderstep.dk\/#\/schema\/logo\/image\/","url":"https:\/\/orderstep.dk\/wp-content\/uploads\/2025\/09\/300x300_px_orderstep_linkedin_logo2.png","contentUrl":"https:\/\/orderstep.dk\/wp-content\/uploads\/2025\/09\/300x300_px_orderstep_linkedin_logo2.png","width":300,"height":300,"caption":"Orderstep ApS"},"image":{"@id":"https:\/\/orderstep.dk\/#\/schema\/logo\/image\/"},"sameAs":["https:\/\/www.facebook.com\/Orderstep","https:\/\/www.youtube.com\/@Orderstep","https:\/\/www.linkedin.com\/company\/orderstep\/"]}]}},"_links":{"self":[{"href":"https:\/\/orderstep.dk\/en\/wp-json\/wp\/v2\/pages\/45","targetHints":{"allow":["GET"]}}],"collection":[{"href":"https:\/\/orderstep.dk\/en\/wp-json\/wp\/v2\/pages"}],"about":[{"href":"https:\/\/orderstep.dk\/en\/wp-json\/wp\/v2\/types\/page"}],"author":[{"embeddable":true,"href":"https:\/\/orderstep.dk\/en\/wp-json\/wp\/v2\/users\/1"}],"replies":[{"embeddable":true,"href":"https:\/\/orderstep.dk\/en\/wp-json\/wp\/v2\/comments?post=45"}],"version-history":[{"count":17,"href":"https:\/\/orderstep.dk\/en\/wp-json\/wp\/v2\/pages\/45\/revisions"}],"predecessor-version":[{"id":26866,"href":"https:\/\/orderstep.dk\/en\/wp-json\/wp\/v2\/pages\/45\/revisions\/26866"}],"wp:attachment":[{"href":"https:\/\/orderstep.dk\/en\/wp-json\/wp\/v2\/media?parent=45"}],"curies":[{"name":"wp","href":"https:\/\/api.w.org\/{rel}","templated":true}]}}