{"id":41,"date":"2025-07-15T15:23:55","date_gmt":"2025-07-15T13:23:55","guid":{"rendered":"http:\/\/orderstep.dk.dedivirt3426.your-server.de\/?page_id=41"},"modified":"2025-08-15T13:51:37","modified_gmt":"2025-08-15T11:51:37","slug":"references","status":"publish","type":"page","link":"https:\/\/orderstep.dk\/en\/references\/","title":{"rendered":"References"},"content":{"rendered":"<p>[et_pb_section fb_built=\"1\u2033 admin_label=\"Hero Section\" _builder_version=\"4.27.4\u2033 background_enable_color=\"off\" global_colors_info=\"{}\"][et_pb_row column_structure=\"1_2,1_2\u2033 _builder_version=\"4.27.4\u2033 custom_margin=\"|||\" custom_padding=\"27px|0px|0px|0px|0px\" custom_css_main_element=\"display:flex;\" locked=\"off\" global_colors_info=\"{}\" custom_css_main_element_last_edited=\"on|phone\" custom_css_main_element_tablet=\"display:block;\" custom_css_main_element_phone=\"display:block;\"][et_pb_column type=\"1_2\u2033 _builder_version=\"4.27.4\u2033 custom_padding=\"40px||40px|\" custom_css_main_element=\"margin:auto;\" global_colors_info=\"{}\" custom_padding__hover=\"|||\"][et_pb_text _builder_version=\"4.27.4\u2033 text_font=\"PT Sans||||||||\" text_text_color=\"#1D1D1D1D\" text_font_size=\"18px\" text_line_height=\"1.8em\" header_font=\"Poppins|500|||||||\" header_text_color=\"#1D1D1D\" header_font_size=\"44px\" header_line_height=\"1.3em\" header_2_font=\"||||||||\" header_3_font=\"||||||||\" header_3_font=\"||||||||\" header_4_font=\"||||||||\" background_layout=\"dark\" global_colors_info=\"{}\"]<\/p>\n<h1>We're only here because of our customers<\/h1>\n<p>Orderstep is built together with our customers - and we're constantly improving because we listen to the people who use us every day.<\/p>\n<p>[\/et_pb_text][\/et_pb_column][et_pb_column][et_pb_column type=\"1_2\u2033 _builder_version=\"4.16\u2033 custom_padding=\"|||\" global_colors_info=\"{}\" custom_padding__hover=\"|||\"][et_pb_image src=\"https:\/\/ny.orderstep.dk\/wp-content\/uploads\/2025\/07\/Forside-illustration-scaled.png\" title_text=\"Front page illustration\" align=\"centre\" align_tablet=\"centre\" align_phone=\"centre\" align_last_edited=\"on|desktop\" _builder_version=\"4.27.4\u2033 animation_style=\"slide\" animation_direction=\"bottom\" animation_intensity_slide=\"10%\" global_colors_info=\"{}\"][\/et_pb_image][\/et_pb_column][\/et_pb_row][\/et_pb_section][et_pb_section fb_built=\"1\u2033 admin_label=\"Our Services\" _builder_version=\"4.27.4\u2033 background_color=\"RGBA(255,255,255,255,0)\" custom_padding=\"100px|0px|100px|0px\" global_colors_info=\"{}\"][et_pb_row admin_label=\"New standard of payments\" _builder_version=\"4.16\u2033 global_colors_info=\"{}\"][et_pb_column type=\"4_4\u2033 _builder_version=\"4.16\u2033 custom_padding=\"|||\" global_colors_info=\"{}\" custom_padding__hover=\"|||\"][et_pb_text _builder_version=\"4.27.4\u2033 text_font=\"PT Sans||||||||\" text_text_color=\"#7a7a7a7a\" text_font_size=\"18px\" text_line_height=\"1.8em\" header_font=\"||||||||\" header_2_font=\"Poppins|500|||||||\" header_2_text_color=\"#1D1D1D\" header_2_font_size=\"38px\" header_2_line_height=\"1.3em\" header_3_font=\"||||||||\" header_4_font=\"||||||||\" text_orientation=\"centre\" background_layout=\"dark\" max_width=\"700px\" module_alignment=\"centre\" global_colors_info=\"{}\"]<\/p>\n<h2>Hear what they say about Orderstep before you decide<\/h2>\n<p>From tradesmen and hotels to B2B sellers and service companies, here are some of the stories and experiences our customers share.<\/p>\n<p>[\/et_pb_text][\/et_pb_column][\/et_pb_row][et_pb_row column_structure=\"1_2,1_2\u2033 use_custom_gutter=\"on\" gutter_width=\"2\u2033 _builder_version=\"4.27.4\u2033 global_colors_info=\"{}\"][et_pb_column type=\"1_2\u2033 _builder_version=\"4.27.4\u2033 _module_preset=\"default\" global_colors_info=\"{}\"][et_pb_testimonial author=\"Kevin Christensen\" job_title=\"CEO\" company_name=\"Weldingdroid\" portrait_url=\"https:\/\/ny.orderstep.dk\/wp-content\/uploads\/2025\/08\/download-2.jpg\" quote_icon_color=\"#1D1D1D1D\" quote_icon_background_color=\"RGBA(255,255,255,255,0)\" font_icon=\"{||divi|||400\u2033 use_icon_font_size=\"on\" icon_font_size=\"50px\" _builder_version=\"4.27.4\u2033 _module_preset=\"default\" background_color=\"RGBA(255,255,255,255,0)\" hover_enabled=\"0\u2033 global_colors_info=\"{}\" sticky_enabled=\"0\u2033]<\/p>\n<h4><span>I have tried several systems, Orderstep works<\/span><\/h4>\n<p><span>In the past, many leads were lost due to cumbersome programmes. With Orderstep, 100% is now in control of customer leads, and we can see a clear increase in revenue.<\/span><br \/>In addition, Orderstep integrates with E-conomic, so we now only need 1 system in the process: lead-quote-order-invoice.<span> <\/span><\/p>\n<p><span>Super simple and efficient system,<br \/>Can 100% be recommended<\/span><\/p>\n<p><span><\/span><\/p>\n<p><a href=\"https:\/\/dk.trustpilot.com\/reviews\/65551f41fb85d287e0819573\"><span>See comment on Trustpilot<\/span><\/a><\/p>\n<p>[\/et_pb_testimonial][\/et_pb_column][et_pb_column type=\"1_2\u2033 _builder_version=\"4.27.4\u2033 _module_preset=\"default\" global_colors_info=\"{}\"][et_pb_testimonial company_name=\"PoolTech ApS\" portrait_url=\"https:\/\/ny.orderstep.dk\/wp-content\/uploads\/2025\/08\/Pooltech_Logo_1000_x_350_px_bLPQbWe.jpg\" quote_icon_color=\"#1D1D1D1D\" quote_icon_background_color=\"RGBA(255,255,255,255,0)\" font_icon=\"{||divi||400\u2033 use_icon_font_size=\"on\" icon_font_size=\"50px\" _builder_version=\"4.27.4\u2033 _module_preset=\"default\" background_color=\"RGBA(255,255,255,255,0)\" hover_enabled=\"0\u2033 global_colors_info=\"{}\" title_text=\"Pooltech_Logo_1000_x_350_px_bLPQbWe\" sticky_enabled=\"0\u2033]<\/p>\n<h4 class=\"CDS_Typography_appearance-default__dd9b51 CDS_Typography_prettyStyle__dd9b51 CDS_Typography_heading-s__dd9b51\" data-service-review-title-typography=\"true\">Pooltech Aps is super happy with Orderstep<\/h4>\n<p><span>Thank you so much for a CRM system that is user-friendly and easy to work with. We have been customers for 1 year and 2 months and it has become much more manageable to have an overview of our customers and the offers to them. Our internal sales meetings have become more concrete as we can see how much we sell for and in which categories etc.<\/span><br \/><span>Orderstep is constantly evolving and we are happy to be part of the process, our suggestions are heard and often we see them implemented.<\/span><br \/><span>They're great at letting us know when new features come out and explaining what we don't quite understand.<\/span><br \/><span>Customer service is fast and good and we would definitely recommend others to use Orderstep.<\/span><\/p>\n<p><span>Many thanks and great praise to Klaes and Lars, who have helped with all this.<\/span><\/p>\n<p><span><a href=\"https:\/\/dk.trustpilot.com\/reviews\/6389b830b84cc27618fdfd00\">See comment on Trustpilot<\/a><\/span><\/p>\n<p>[\/et_pb_testimonial][\/et_pb_column][\/et_pb_row][et_pb_row column_structure=\"1_2,1_2\u2033 use_custom_gutter=\"on\" gutter_width=\"2\u2033 _builder_version=\"4.27.4\u2033 global_colors_info=\"{}\"][et_pb_column type=\"1_2\u2033 _builder_version=\"4.27.4\u2033 _module_preset=\"default\" global_colors_info=\"{}\"][et_pb_testimonial author=\"Admir Mehicevic\" job_title=\"Technical Manager\" company_name=\"Videx\" portrait_url=\"https:\/\/ny.orderstep.dk\/wp-content\/uploads\/2025\/08\/VIDEX_Danmark_-_logo-04_3_Vrodq53.png\" quote_icon_color=\"#1D1D1D1D\" quote_icon_background_color=\"RGBA(255,255,255,255,0)\" font_icon=\"{||divi||400\u2033 use_icon_font_size=\"on\" icon_font_size=\"50px\" _builder_version=\"4.27.4\u2033 _module_preset=\"default\" background_color=\"RGBA(255,255,255,255,0)\" hover_enabled=\"0\u2033 global_colors_info=\"{}\" sticky_enabled=\"0\u2033 title_text=\"VIDEX_Danmark_-_logo-04_3_Vrodq53\u2033]<\/p>\n<h4 class=\"CDS_Typography_appearance-default__dd9b51 CDS_Typography_prettyStyle__dd9b51 CDS_Typography_heading-s__dd9b51\" data-service-review-title-typography=\"true\">Orderstep took Videx one step further<\/h4>\n<p><span>I met the Orderstep team two years ago for an informal meeting where they explained how their software could take our productivity to an even higher level. These two people I got to know shone with commitment and professionalism, almost promising results if we wanted to join them on their journey.<\/span><br \/><span>We quickly realised that this product could do much more than we dared hope for. It became a link between our production and sales departments, and at the same time provided a fantastic overview for us in management. The system provides you with data and fatka, which gives you a better overview of a busy day.<\/span><\/p>\n<p><span>I was also impressed that the Orderstep team proved to be so skilful and cooperative that we felt supported throughout the system change.<\/span><br \/><span>Of course, every start is difficult, but I have to say that 2 years after our introduction to the programme, I regret that we didn't meet them sooner.<\/span><\/p>\n<p><span>Highest recommendations from here.<\/span><\/p>\n<p><span><a href=\"https:\/\/dk.trustpilot.com\/reviews\/6366bb84252cba2c02d01b01\">See comment on Trustpilot<\/a><\/span><\/p>\n<p>[\/et_pb_testimonial][\/et_pb_column][et_pb_column type=\"1_2\u2033 _builder_version=\"4.27.4\u2033 _module_preset=\"default\" global_colors_info=\"{}\"][et_pb_testimonial author=\"Lars Kammer\" job_title=\"Partner\" company_name=\"FirstClassNetworking\" portrait_url=\"https:\/\/ny.orderstep.dk\/wp-content\/uploads\/2025\/08\/73\u00d773.png\" quote_icon_color=\"#1D1D1D1D\" quote_icon_background_color=\"RGBA(255,255,255,255,0)\" font_icon=\"{||divi||400\u2033 use_icon_font_size=\"on\" icon_font_size=\"50px\" _builder_version=\"4.27.4\u2033 _module_preset=\"default\" background_color=\"RGBA(255,255,255,255,0)\" hover_enabled=\"0\u2033 global_colors_info=\"{}\" sticky_enabled=\"0\u2033]<\/p>\n<h4><span>Orderstep - world class<\/span><\/h4>\n<p><span>We have been working with Orderstep for about a year now and are completely satisfied with their system. It is very user-friendly and intuitive.<\/span><br \/><span>The team behind Orderstep is service-minded and flexible. When we have had requests or ideas, they have been very accommodating and quick to help with customisation.<\/span><br \/><span>Can only give them the best recommendations.<\/span><\/p>\n<p><span><a href=\"https:\/\/dk.trustpilot.com\/reviews\/6548b0fe1083b0ff194a2b3b\">See comment on Trustpilot<\/a><\/span><\/p>\n<p>[\/et_pb_testimonial][\/et_pb_column][\/et_pb_row][et_pb_row column_structure=\"1_2,1_2\u2033 use_custom_gutter=\"on\" gutter_width=\"2\u2033 _builder_version=\"4.27.4\u2033 global_colors_info=\"{}\"][et_pb_column type=\"1_2\u2033 _builder_version=\"4.27.4\u2033 _module_preset=\"default\" global_colors_info=\"{}\"][et_pb_testimonial author=\"Martin Olsen\" job_title=\"Owner\" company_name=\"D\u00f8rtelefon Teamet\" portrait_url=\"https:\/\/ny.orderstep.dk\/wp-content\/uploads\/2025\/08\/Dortelefon_Teamet_Final_72_kopi.jpg\" quote_icon_color=\"#1D1D1D1D\" quote_icon_background_color=\"RGBA(255,255,255,255,0)\" font_icon=\"{||divi||400\u2033 use_icon_font_size=\"on\" icon_font_size=\"50px\" _builder_version=\"4.27.4\u2033 _module_preset=\"default\" background_color=\"RGBA(255,255,255,255,0)\" hover_enabled=\"0\u2033 global_colors_info=\"{}\" sticky_enabled=\"0\u2033 title_text=\"Dortelefon_Teamet_Final_72_kopi\"]<\/p>\n<h4 class=\"CDS_Typography_appearance-default__dd9b51 CDS_Typography_prettyStyle__dd9b51 CDS_Typography_heading-s__dd9b51\" data-service-review-title-typography=\"true\">D\u00f8rtelefon Teamet Aps - We open doors<\/h4>\n<p><span>At D\u00f8rtelefon Teamet we have been using Orderstep for almost 6 months. Since we started using Orderstep, we now have complete control of all quotes. In fact, we are always one step ahead of the customer and make sure to follow up on offers and contact the customer if we haven't heard from them. The various features in the programme mean that we can see when there is activity on the quotes we have sent.<\/span><\/p>\n<p><span>We can set up automatic notifications so that we can contact a customer right after a general meeting or a meeting if a decision has been made about an intercom system.<\/span><br \/><span>Customers really appreciate the fact that we are always proactive and keep the process running smoothly. Our customers are often co-operative associations where people work voluntarily. So they don't always have the time to keep track of the task and the offers they receive from different suppliers. So when we contact them, they are often very happy that we remember them and feel that we take their task seriously. It gives them an incredible sense of security.<\/span><\/p>\n<p><span>Happy customers lead to higher revenue and we can see that in the middle of the year we have already closed revenue for 50% above our budget for the whole year. Which also means that we currently have 3 times more revenue than we had budgeted to have achieved before the summer.<\/span><\/p>\n<p><span>So big praise and thanks to the entire Orderstep Team for being part of our journey and success and always being there when we need help.<\/span><\/p>\n<p><span>Without them, we wouldn't be where we are today. Thank you, thank you, thank you.<\/span><\/p>\n<p><span><a href=\"https:\/\/dk.trustpilot.com\/reviews\/62c99e98e77911f2449f2e2e\">See comment on Trustpilot<\/a><\/span><\/p>\n<p>[\/et_pb_testimonial][\/et_pb_column][et_pb_column type=\"1_2\u2033 _builder_version=\"4.27.4\u2033 _module_preset=\"default\" global_colors_info=\"{}\"][et_pb_testimonial author=\"Per Linderoth Klausen\" job_title=\"Sales manager\" company_name=\"Lagersalg.com\" portrait_url=\"https:\/\/ny.orderstep.dk\/wp-content\/uploads\/2025\/08\/lagersalg.com_logo_ubg.png\" quote_icon_color=\"#1D1D1D1D\" quote_icon_background_color=\"RGBA(255,255,255,255,0)\" font_icon=\"{||divi||400\u2033 use_icon_font_size=\"on\" icon_font_size=\"50px\" _builder_version=\"4.27.4\u2033 _module_preset=\"default\" background_color=\"RGBA(255,255,255,255,0)\" hover_enabled=\"0\u2033 global_colors_info=\"{}\" sticky_enabled=\"0\u2033 title_text=\"lagersalg.com_logo_ubg\"]<\/p>\n<h4 class=\"CDS_Typography_appearance-default__dd9b51 CDS_Typography_prettyStyle__dd9b51 CDS_Typography_heading-s__dd9b51\" data-service-review-title-typography=\"true\">Fantastic collaboration<\/h4>\n<p><span>I can only praise everyone at orderstep.dk has sent over 200 offers in 2023 and has made my work much easier and faster plus my customers think it looks professional we have in collaboration with Monica created an offer template that is adapted to our segment plus integration with e-conomic so everything from offer-order-invoice runs from orderstep.dk...<\/span><\/p>\n<p><span>Looking forward to 2024 with more initiatives<\/span><\/p>\n<p><span>So definitely 5 stars for you<\/span><\/p>\n<p><span>Merry Christmas and Happy New Year to you all :) from Lagersalg.com<\/span><\/p>\n<p><span><a href=\"https:\/\/dk.trustpilot.com\/reviews\/65818d2efa4ce02bbbd3aa80\">See comment on Trustpilot<\/a><\/span><\/p>\n<p>[\/et_pb_testimonial][\/et_pb_column][\/et_pb_row][\/et_pb_section]<\/p>","protected":false},"excerpt":{"rendered":"<p>We're only here because of our customers Orderstep is built together with our customers - and we're constantly improving because we listen to those who use us every day.Hear what they say about Orderstep before you decide From craftsmen and hotels to B2B sellers and service companies - here are some of the stories and experiences our customers share.I've tried several systems, Orderstep works In the past, many leads were lost due to complicated programmes. With Orderstep, we now have 100% control of customer leads, and we can see a clear increase in revenue.Orderstep also integrates with E-conomic, so we now only need one system in the process: lead-quote-order-invoice. Super simple and efficient system, 100% can be recommended See comment on TrustpilotPooltech Aps is super happy with Orderstep Thank you so much for a CRM system that is just user-friendly and clear to work with. We have been customers for 1 year and 2 months and it has become much more manageable to have an overview of our customers and the offers to them. Our internal sales meetings have become more concrete, as we can see how much we sell for and in which categories, etc.Orderstep is under constant development and [...]<\/p>","protected":false},"author":1,"featured_media":0,"parent":0,"menu_order":0,"comment_status":"closed","ping_status":"closed","template":"","meta":{"_et_pb_use_builder":"on","_et_pb_old_content":"","_et_gb_content_width":"","inline_featured_image":false,"footnotes":""},"class_list":["post-41","page","type-page","status-publish","hentry"],"yoast_head":"<!-- This site is optimized with the Yoast SEO plugin v25.7 - https:\/\/yoast.com\/wordpress\/plugins\/seo\/ -->\n<title>Referencer - Orderstep<\/title>\n<meta name=\"robots\" content=\"index, follow, max-snippet:-1, max-image-preview:large, max-video-preview:-1\" \/>\n<link rel=\"canonical\" href=\"https:\/\/orderstep.dk\/en\/references\/\" \/>\n<meta property=\"og:locale\" content=\"en_GB\" \/>\n<meta property=\"og:type\" content=\"article\" \/>\n<meta property=\"og:title\" content=\"Referencer - Orderstep\" \/>\n<meta property=\"og:description\" content=\"Vi er her kun p\u00e5 grund af vores kunder Orderstep er bygget sammen med vores kunder \u2013 og vi bliver hele tiden bedre, fordi vi lytter til dem, der bruger os hver dag.H\u00f8r hvad de siger om Orderstep, f\u00f8r du beslutter dig Fra h\u00e5ndv\u00e6rkere og hoteller til B2B-s\u00e6lgere og servicevirksomheder \u2013 her er nogle af de historier og erfaringer, vores kunder deler.Jeg har pr\u00f8vet flere systemer, Orderstep funker F\u00f8r i tiden gik mange leads tabt, p\u00e5 grund af besv\u00e6rlige programmer. Med Orderstep er der nu 100% styr p\u00e5 kunde emnerne, og vi kan m\u00e6rke en klar for\u00f8gelse i oms\u00e6tning.Derudover integrerer Orderstep med E-conomic, s\u00e5 vi har nu kun brug for 1 system i processen: lead-tilbud-ordre-faktura. Super simpelt og effektivt system,Kan 100% anbefales Se kommentar p\u00e5 TrustpilotPooltech Aps er super glade for Orderstep Tusind tak for et CRM system der bare er brugervenligt og overskueligt at arbejde med. Vi har v\u00e6ret kunder i 1 \u00e5r og 2 mdr og det er blevet meget mere overskueligt at have overblik over vores kunder og tilbuddene til dem. Vores interne salgsm\u00f8der er blevet mere konkrete, da vi kan se hvor meget vi s\u00e6lger for og i hvilke kategorier m.v.Orderstep er under konstant udvikling og [&hellip;]\" \/>\n<meta property=\"og:url\" content=\"https:\/\/orderstep.dk\/en\/references\/\" \/>\n<meta property=\"og:site_name\" content=\"Orderstep\" \/>\n<meta property=\"article:publisher\" content=\"https:\/\/www.facebook.com\/Orderstep\" \/>\n<meta property=\"article:modified_time\" content=\"2025-08-15T11:51:37+00:00\" \/>\n<meta property=\"og:image\" content=\"https:\/\/orderstep.dk\/wp-content\/uploads\/2025\/09\/orderstep-skrift-og-logo.png\" \/>\n\t<meta property=\"og:image:width\" content=\"1198\" \/>\n\t<meta property=\"og:image:height\" content=\"676\" \/>\n\t<meta property=\"og:image:type\" content=\"image\/png\" \/>\n<meta name=\"twitter:card\" content=\"summary_large_image\" \/>\n<meta name=\"twitter:label1\" content=\"Estimated reading time\" \/>\n\t<meta name=\"twitter:data1\" content=\"2 minutes\" \/>\n<script type=\"application\/ld+json\" class=\"yoast-schema-graph\">{\"@context\":\"https:\/\/schema.org\",\"@graph\":[{\"@type\":\"WebPage\",\"@id\":\"https:\/\/orderstep.dk\/en\/references\/\",\"url\":\"https:\/\/orderstep.dk\/en\/references\/\",\"name\":\"Referencer - Orderstep\",\"isPartOf\":{\"@id\":\"https:\/\/orderstep.dk\/#website\"},\"datePublished\":\"2025-07-15T13:23:55+00:00\",\"dateModified\":\"2025-08-15T11:51:37+00:00\",\"breadcrumb\":{\"@id\":\"https:\/\/orderstep.dk\/en\/references\/#breadcrumb\"},\"inLanguage\":\"en-GB\",\"potentialAction\":[{\"@type\":\"ReadAction\",\"target\":[\"https:\/\/orderstep.dk\/en\/references\/\"]}]},{\"@type\":\"BreadcrumbList\",\"@id\":\"https:\/\/orderstep.dk\/en\/references\/#breadcrumb\",\"itemListElement\":[{\"@type\":\"ListItem\",\"position\":1,\"name\":\"Hjem\",\"item\":\"https:\/\/orderstep.dk\/\"},{\"@type\":\"ListItem\",\"position\":2,\"name\":\"Referencer\"}]},{\"@type\":\"WebSite\",\"@id\":\"https:\/\/orderstep.dk\/#website\",\"url\":\"https:\/\/orderstep.dk\/\",\"name\":\"Orderstep\",\"description\":\"\",\"publisher\":{\"@id\":\"https:\/\/orderstep.dk\/#organization\"},\"potentialAction\":[{\"@type\":\"SearchAction\",\"target\":{\"@type\":\"EntryPoint\",\"urlTemplate\":\"https:\/\/orderstep.dk\/?s={search_term_string}\"},\"query-input\":{\"@type\":\"PropertyValueSpecification\",\"valueRequired\":true,\"valueName\":\"search_term_string\"}}],\"inLanguage\":\"en-GB\"},{\"@type\":\"Organization\",\"@id\":\"https:\/\/orderstep.dk\/#organization\",\"name\":\"Orderstep ApS\",\"url\":\"https:\/\/orderstep.dk\/\",\"logo\":{\"@type\":\"ImageObject\",\"inLanguage\":\"en-GB\",\"@id\":\"https:\/\/orderstep.dk\/#\/schema\/logo\/image\/\",\"url\":\"https:\/\/orderstep.dk\/wp-content\/uploads\/2025\/09\/300x300_px_orderstep_linkedin_logo2.png\",\"contentUrl\":\"https:\/\/orderstep.dk\/wp-content\/uploads\/2025\/09\/300x300_px_orderstep_linkedin_logo2.png\",\"width\":300,\"height\":300,\"caption\":\"Orderstep ApS\"},\"image\":{\"@id\":\"https:\/\/orderstep.dk\/#\/schema\/logo\/image\/\"},\"sameAs\":[\"https:\/\/www.facebook.com\/Orderstep\",\"https:\/\/www.youtube.com\/@Orderstep\",\"https:\/\/www.linkedin.com\/company\/orderstep\/\"]}]}<\/script>\n<!-- \/ Yoast SEO plugin. -->","yoast_head_json":{"title":"References - Orderstep","robots":{"index":"index","follow":"follow","max-snippet":"max-snippet:-1","max-image-preview":"max-image-preview:large","max-video-preview":"max-video-preview:-1"},"canonical":"https:\/\/orderstep.dk\/en\/references\/","og_locale":"en_GB","og_type":"article","og_title":"Referencer - Orderstep","og_description":"Vi er her kun p\u00e5 grund af vores kunder Orderstep er bygget sammen med vores kunder \u2013 og vi bliver hele tiden bedre, fordi vi lytter til dem, der bruger os hver dag.H\u00f8r hvad de siger om Orderstep, f\u00f8r du beslutter dig Fra h\u00e5ndv\u00e6rkere og hoteller til B2B-s\u00e6lgere og servicevirksomheder \u2013 her er nogle af de historier og erfaringer, vores kunder deler.Jeg har pr\u00f8vet flere systemer, Orderstep funker F\u00f8r i tiden gik mange leads tabt, p\u00e5 grund af besv\u00e6rlige programmer. Med Orderstep er der nu 100% styr p\u00e5 kunde emnerne, og vi kan m\u00e6rke en klar for\u00f8gelse i oms\u00e6tning.Derudover integrerer Orderstep med E-conomic, s\u00e5 vi har nu kun brug for 1 system i processen: lead-tilbud-ordre-faktura. Super simpelt og effektivt system,Kan 100% anbefales Se kommentar p\u00e5 TrustpilotPooltech Aps er super glade for Orderstep Tusind tak for et CRM system der bare er brugervenligt og overskueligt at arbejde med. Vi har v\u00e6ret kunder i 1 \u00e5r og 2 mdr og det er blevet meget mere overskueligt at have overblik over vores kunder og tilbuddene til dem. Vores interne salgsm\u00f8der er blevet mere konkrete, da vi kan se hvor meget vi s\u00e6lger for og i hvilke kategorier m.v.Orderstep er under konstant udvikling og [&hellip;]","og_url":"https:\/\/orderstep.dk\/en\/references\/","og_site_name":"Orderstep","article_publisher":"https:\/\/www.facebook.com\/Orderstep","article_modified_time":"2025-08-15T11:51:37+00:00","og_image":[{"width":1198,"height":676,"url":"https:\/\/orderstep.dk\/wp-content\/uploads\/2025\/09\/orderstep-skrift-og-logo.png","type":"image\/png"}],"twitter_card":"summary_large_image","twitter_misc":{"Estimated reading time":"2 minutes"},"schema":{"@context":"https:\/\/schema.org","@graph":[{"@type":"WebPage","@id":"https:\/\/orderstep.dk\/en\/references\/","url":"https:\/\/orderstep.dk\/en\/references\/","name":"References - Orderstep","isPartOf":{"@id":"https:\/\/orderstep.dk\/#website"},"datePublished":"2025-07-15T13:23:55+00:00","dateModified":"2025-08-15T11:51:37+00:00","breadcrumb":{"@id":"https:\/\/orderstep.dk\/en\/references\/#breadcrumb"},"inLanguage":"en-GB","potentialAction":[{"@type":"ReadAction","target":["https:\/\/orderstep.dk\/en\/references\/"]}]},{"@type":"BreadcrumbList","@id":"https:\/\/orderstep.dk\/en\/references\/#breadcrumb","itemListElement":[{"@type":"ListItem","position":1,"name":"Hjem","item":"https:\/\/orderstep.dk\/"},{"@type":"ListItem","position":2,"name":"Referencer"}]},{"@type":"WebSite","@id":"https:\/\/orderstep.dk\/#website","url":"https:\/\/orderstep.dk\/","name":"Order step","description":"","publisher":{"@id":"https:\/\/orderstep.dk\/#organization"},"potentialAction":[{"@type":"SearchAction","target":{"@type":"EntryPoint","urlTemplate":"https:\/\/orderstep.dk\/?s={search_term_string}"},"query-input":{"@type":"PropertyValueSpecification","valueRequired":true,"valueName":"search_term_string"}}],"inLanguage":"en-GB"},{"@type":"Organization","@id":"https:\/\/orderstep.dk\/#organization","name":"Orderstep ApS","url":"https:\/\/orderstep.dk\/","logo":{"@type":"ImageObject","inLanguage":"en-GB","@id":"https:\/\/orderstep.dk\/#\/schema\/logo\/image\/","url":"https:\/\/orderstep.dk\/wp-content\/uploads\/2025\/09\/300x300_px_orderstep_linkedin_logo2.png","contentUrl":"https:\/\/orderstep.dk\/wp-content\/uploads\/2025\/09\/300x300_px_orderstep_linkedin_logo2.png","width":300,"height":300,"caption":"Orderstep ApS"},"image":{"@id":"https:\/\/orderstep.dk\/#\/schema\/logo\/image\/"},"sameAs":["https:\/\/www.facebook.com\/Orderstep","https:\/\/www.youtube.com\/@Orderstep","https:\/\/www.linkedin.com\/company\/orderstep\/"]}]}},"_links":{"self":[{"href":"https:\/\/orderstep.dk\/en\/wp-json\/wp\/v2\/pages\/41","targetHints":{"allow":["GET"]}}],"collection":[{"href":"https:\/\/orderstep.dk\/en\/wp-json\/wp\/v2\/pages"}],"about":[{"href":"https:\/\/orderstep.dk\/en\/wp-json\/wp\/v2\/types\/page"}],"author":[{"embeddable":true,"href":"https:\/\/orderstep.dk\/en\/wp-json\/wp\/v2\/users\/1"}],"replies":[{"embeddable":true,"href":"https:\/\/orderstep.dk\/en\/wp-json\/wp\/v2\/comments?post=41"}],"version-history":[{"count":0,"href":"https:\/\/orderstep.dk\/en\/wp-json\/wp\/v2\/pages\/41\/revisions"}],"wp:attachment":[{"href":"https:\/\/orderstep.dk\/en\/wp-json\/wp\/v2\/media?parent=41"}],"curies":[{"name":"wp","href":"https:\/\/api.w.org\/{rel}","templated":true}]}}