{"id":26939,"date":"2025-08-31T13:06:06","date_gmt":"2025-08-31T11:06:06","guid":{"rendered":"https:\/\/orderstep.dk\/?page_id=26939"},"modified":"2025-08-31T22:08:08","modified_gmt":"2025-08-31T20:08:08","slug":"watch-a-demo","status":"publish","type":"page","link":"https:\/\/orderstep.dk\/en\/watch-a-demo\/","title":{"rendered":"Watch a demo"},"content":{"rendered":"<p>[et_pb_section fb_built=\"1\u2033 _builder_version=\"4.27.4\u2033 _module_preset=\"default\" global_colors_info=\"{}\"][et_pb_row _builder_version=\"4.27.4\u2033 _module_preset=\"default\" custom_margin=\"50px||50px||true|false\" global_colors_info=\"{}\"][et_pb_column type=\"4_4\u2033 _builder_version=\"4.27.4\u2033 _module_preset=\"default\" global_colors_info=\"{}\"][et_pb_text _builder_version=\"4.27.4\u2033 text_font=\"PT Sans||||||||\" text_text_color=\"#000000\u2033 text_font_size=\"18px\" text_line_height=\"1.8em\" header_font=\"Poppins|500|||||||\" header_text_color=\"#000000\u2033 header_font_size=\"44px\" header_line_height=\"1.3em\" header_2_font=\"||||||||\" header_3_font=\"||||||||\" header_4_font=\"||||||||\" background_layout=\"dark\" header_font_size_tablet=\"44px\" header_font_size_phone=\"43px\" header_font_size_last_edited=\"on|desktop\" global_colors_info=\"{}\"]<\/p>\n<h1>Want to send better offers and close more deals, automatically?<\/h1>\n<p>Orderstep makes the sales process simple, from initial quote to final invoice.<\/p>\n<p><strong>ATTENTION:<\/strong> All videos on this page are without sound<\/p>\n<p>[\/et_pb_text][\/et_pb_column][\/et_pb_row][et_pb_row column_structure=\u201d1_2,1_2\u2033 _builder_version=\u201d4.27.4\u2033 _module_preset=\"default\" custom_css_main_element=\"display:flex;\" global_colors_info=\"{}\" custom_css_main_element_last_edited=\"on|phone\" custom_css_main_element_tablet=\"Display:block;\" custom_css_main_element_phone=\"Display:block;\"][et_pb_column type=\"1_2\u2033 _builder_version=\"4.27.4\u2033 _module_preset=\"default\" custom_css_main_element=\"margin:auto;\" global_colors_info=\"{}\"][et_pb_text _builder_version=\"4.27.4\u2033 _module_preset=\"default\" hover_enabled=\"0\u2033 global_colors_info=\"{}\" sticky_enabled=\"0\u2033]<\/p>\n<h2>See how to make an offer<\/h2>\n<p>In this video, we show you how you can send a quote in Orderstep in under 60 seconds.<\/p>\n<p>[\/et_pb_text][\/et_pb_column][et_pb_column type=\"1_2\u2033 _builder_version=\"4.27.4\u2033 _module_preset=\"default\" global_colors_info=\"{}\"][et_pb_video src=\"https:\/\/youtu.be\/SIhuYFYsCHI\" _builder_version=\"4.27.4\u2033 _module_preset=\"default\" global_colors_info=\"{}\"][\/et_pb_video][\/et_pb_column][\/et_pb_row][et_pb_row column_structure=\"1_2,1_2\u2033 _builder_version=\"4.27.4\u2033 _module_preset=\"default\" custom_css_main_element=\"display:flex;\" global_colors_info=\"{}\" custom_css_main_element_last_edited=\"on|phone\" custom_css_main_element_tablet=\"Display:block;\" custom_css_main_element_phone=\"Display:block;\"][et_pb_column type=\"1_2\u2033 _builder_version=\"4.27.4\u2033 _module_preset=\"default\" global_colors_info=\"{}\"][et_pb_video src=\"https:\/\/youtu.be\/5Dg0nL3B7M8\u2033 _builder_version=\"4.27.4\u2033 _module_preset=\"default\" global_colors_info=\"{}\"][\/et_pb_video][\/et_pb_column][et_pb_column type=\"1_2\u2033 _builder_version=\"4.27.4\u2033 _module_preset=\"default\" custom_css_main_element=\"margin:auto;\" global_colors_info=\"{}\"][et_pb_text _builder_version=\"4.27.4\u2033 _module_preset=\"default\" hover_enabled=\"0\u2033 global_colors_info=\"{}\" sticky_enabled=\"0\u2033]<\/p>\n<h2>See how to follow up on an offer<\/h2>\n<p>In this video, we show you how to follow up on your quotes in Orderstep - quickly and efficiently.<\/p>\n<p>[\/et_pb_text][\/et_pb_column][\/et_pb_row][et_pb_row column_structure=\u201d1_2,1_2\u2033 _builder_version=\u201d4.27.4\u2033 _module_preset=\"default\" custom_css_main_element=\"display:flex;\" global_colors_info=\"{}\" custom_css_main_element_last_edited=\"on|phone\" custom_css_main_element_tablet=\"display:block;\" custom_css_main_element_phone=\"display:block;\"][et_pb_column type=\"1_2\u2033 _builder_version=\"4.27.4\u2033 _module_preset=\"default\" custom_css_main_element=\"margin:auto;\" global_colors_info=\"{}\"][et_pb_text _builder_version=\"4.27.4\u2033 _module_preset=\"default\" hover_enabled=\"0\u2033 global_colors_info=\"{}\" sticky_enabled=\"0\u2033]<\/p>\n<h2>See what your customers see when you send a quote<\/h2>\n<p>In this video you'll see how the customer portal makes it easy for your customers to get an overview and accept offers.<\/p>\n<p>[\/et_pb_text][\/et_pb_column][et_pb_column type=\"1_2\u2033 _builder_version=\"4.27.4\u2033 _module_preset=\"default\" global_colors_info=\"{}\"][et_pb_video src=\"https:\/\/youtu.be\/_v9LhsGVi_k\" _builder_version=\"4.27.4\u2033 _module_preset=\"default\" global_colors_info=\"{}\"][\/et_pb_video][\/et_pb_column][\/et_pb_row][et_pb_row column_structure=\"1_2,1_2\u2033 _builder_version=\"4.27.4\u2033 _module_preset=\"default\" custom_css_main_element=\"display:flex;\" global_colors_info=\"{}\" custom_css_main_element_last_edited=\"on|phone\" custom_css_main_element_tablet=\"Display:block;\" custom_css_main_element_phone=\"Display:block;\"][et_pb_column type=\"1_2\u2033 _builder_version=\"4.27.4\u2033 _module_preset=\"default\" global_colors_info=\"{}\"][et_pb_video src=\"https:\/\/youtu.be\/rZUOYROxkx4\u2033 _builder_version=\"4.27.4\u2033 _module_preset=\"default\" global_colors_info=\"{}\"][\/et_pb_video][\/et_pb_column][et_pb_column type=\"1_2\u2033 _builder_version=\"4.27.4\u2033 _module_preset=\"default\" custom_css_main_element=\"margin:auto;\" global_colors_info=\"{}\"][et_pb_text _builder_version=\"4.27.4\u2033 _module_preset=\"default\" hover_enabled=\"0\u2033 global_colors_info=\"{}\" sticky_enabled=\"0\u2033]<\/p>\n<h2>See how to integrate with E-conomic<\/h2>\n<p>In this video, we show how easily Orderstep integrates with e-conomic, so you don't have to duplicate work.<\/p>\n<p>[\/et_pb_text][\/et_pb_column][\/et_pb_row][\/et_pb_section]<\/p>","protected":false},"excerpt":{"rendered":"<p>Want to send better quotes and close more deals, automatically? Orderstep makes the sales process simple, from first quote to final invoice. NOTE: All videos on this page are without soundWatch how to create a quote In this video we show you how to send a quote in Orderstep in less than 60 seconds.Watch how to follow up on a quote In this video we show you how to follow up on your quotes in Orderstep - quickly and efficiently.See what your customers see when you send a quote In this video you'll see how the customer portal makes it easy for your customers to get an overview and accept quotes.Watch how to integrate with E-conomic In this video we show how easily Orderstep integrates with e-conomic so you don't have to work twice.<\/p>","protected":false},"author":1,"featured_media":0,"parent":0,"menu_order":0,"comment_status":"closed","ping_status":"closed","template":"","meta":{"_et_pb_use_builder":"on","_et_pb_old_content":"","_et_gb_content_width":"","inline_featured_image":false,"footnotes":""},"class_list":["post-26939","page","type-page","status-publish","hentry"],"yoast_head":"<!-- This site is optimized with the Yoast SEO plugin v25.7 - https:\/\/yoast.com\/wordpress\/plugins\/seo\/ -->\n<title>Se en demo - Orderstep<\/title>\n<meta name=\"robots\" content=\"index, follow, max-snippet:-1, max-image-preview:large, max-video-preview:-1\" \/>\n<link rel=\"canonical\" href=\"https:\/\/orderstep.dk\/en\/watch-a-demo\/\" \/>\n<meta property=\"og:locale\" content=\"en_GB\" \/>\n<meta property=\"og:type\" content=\"article\" \/>\n<meta property=\"og:title\" content=\"Se en demo - Orderstep\" \/>\n<meta property=\"og:description\" content=\"Vil du sende bedre tilbud og lukke flere handler, helt automatisk? Orderstep g\u00f8r salgsprocessen enkel, fra f\u00f8rste tilbud til f\u00e6rdig faktura. OBS: Alle videoerne p\u00e5 denne side er uden lydSe hvordan man laver et tilbud I denne video viser vi dig, hvordan du kan sende et tilbud i Orderstep p\u00e5 under 60 sekunder.Se hvordan man f\u00f8lger op p\u00e5 et tilbud I denne video viser vi dig, hvordan du kan f\u00f8lge op p\u00e5 dine tilbud i Orderstep \u2013 hurtigt og effektivt.Se hvad dine kunder ser n\u00e5r du sender et tilbud I denne video ser du, hvordan kundeportalen g\u00f8r det nemt for dine kunder at f\u00e5 overblik og acceptere tilbud.Se hvordan man integrere til E-conomic I denne video viser vi, hvor nemt Orderstep integrerer med e-conomic, s\u00e5 du slipper for dobbeltarbejde.\" \/>\n<meta property=\"og:url\" content=\"https:\/\/orderstep.dk\/en\/watch-a-demo\/\" \/>\n<meta property=\"og:site_name\" content=\"Orderstep\" \/>\n<meta property=\"article:publisher\" content=\"https:\/\/www.facebook.com\/Orderstep\" \/>\n<meta property=\"article:modified_time\" content=\"2025-08-31T20:08:08+00:00\" \/>\n<meta property=\"og:image\" content=\"https:\/\/orderstep.dk\/wp-content\/uploads\/2025\/09\/orderstep-skrift-og-logo.png\" \/>\n\t<meta property=\"og:image:width\" content=\"1198\" \/>\n\t<meta property=\"og:image:height\" content=\"676\" \/>\n\t<meta property=\"og:image:type\" content=\"image\/png\" \/>\n<meta name=\"twitter:card\" content=\"summary_large_image\" \/>\n<script type=\"application\/ld+json\" class=\"yoast-schema-graph\">{\"@context\":\"https:\/\/schema.org\",\"@graph\":[{\"@type\":\"WebPage\",\"@id\":\"https:\/\/orderstep.dk\/se-en-demo\/\",\"url\":\"https:\/\/orderstep.dk\/se-en-demo\/\",\"name\":\"Se en demo - Orderstep\",\"isPartOf\":{\"@id\":\"https:\/\/orderstep.dk\/#website\"},\"datePublished\":\"2025-08-31T11:06:06+00:00\",\"dateModified\":\"2025-08-31T20:08:08+00:00\",\"breadcrumb\":{\"@id\":\"https:\/\/orderstep.dk\/se-en-demo\/#breadcrumb\"},\"inLanguage\":\"en-GB\",\"potentialAction\":[{\"@type\":\"ReadAction\",\"target\":[\"https:\/\/orderstep.dk\/se-en-demo\/\"]}]},{\"@type\":\"BreadcrumbList\",\"@id\":\"https:\/\/orderstep.dk\/se-en-demo\/#breadcrumb\",\"itemListElement\":[{\"@type\":\"ListItem\",\"position\":1,\"name\":\"Hjem\",\"item\":\"https:\/\/orderstep.dk\/\"},{\"@type\":\"ListItem\",\"position\":2,\"name\":\"Se en demo\"}]},{\"@type\":\"WebSite\",\"@id\":\"https:\/\/orderstep.dk\/#website\",\"url\":\"https:\/\/orderstep.dk\/\",\"name\":\"Orderstep\",\"description\":\"\",\"publisher\":{\"@id\":\"https:\/\/orderstep.dk\/#organization\"},\"potentialAction\":[{\"@type\":\"SearchAction\",\"target\":{\"@type\":\"EntryPoint\",\"urlTemplate\":\"https:\/\/orderstep.dk\/?s={search_term_string}\"},\"query-input\":{\"@type\":\"PropertyValueSpecification\",\"valueRequired\":true,\"valueName\":\"search_term_string\"}}],\"inLanguage\":\"en-GB\"},{\"@type\":\"Organization\",\"@id\":\"https:\/\/orderstep.dk\/#organization\",\"name\":\"Orderstep ApS\",\"url\":\"https:\/\/orderstep.dk\/\",\"logo\":{\"@type\":\"ImageObject\",\"inLanguage\":\"en-GB\",\"@id\":\"https:\/\/orderstep.dk\/#\/schema\/logo\/image\/\",\"url\":\"https:\/\/orderstep.dk\/wp-content\/uploads\/2025\/09\/300x300_px_orderstep_linkedin_logo2.png\",\"contentUrl\":\"https:\/\/orderstep.dk\/wp-content\/uploads\/2025\/09\/300x300_px_orderstep_linkedin_logo2.png\",\"width\":300,\"height\":300,\"caption\":\"Orderstep ApS\"},\"image\":{\"@id\":\"https:\/\/orderstep.dk\/#\/schema\/logo\/image\/\"},\"sameAs\":[\"https:\/\/www.facebook.com\/Orderstep\",\"https:\/\/www.youtube.com\/@Orderstep\",\"https:\/\/www.linkedin.com\/company\/orderstep\/\"]}]}<\/script>\n<!-- \/ Yoast SEO plugin. -->","yoast_head_json":{"title":"Watch a demo - Orderstep","robots":{"index":"index","follow":"follow","max-snippet":"max-snippet:-1","max-image-preview":"max-image-preview:large","max-video-preview":"max-video-preview:-1"},"canonical":"https:\/\/orderstep.dk\/en\/watch-a-demo\/","og_locale":"en_GB","og_type":"article","og_title":"Se en demo - Orderstep","og_description":"Vil du sende bedre tilbud og lukke flere handler, helt automatisk? Orderstep g\u00f8r salgsprocessen enkel, fra f\u00f8rste tilbud til f\u00e6rdig faktura. OBS: Alle videoerne p\u00e5 denne side er uden lydSe hvordan man laver et tilbud I denne video viser vi dig, hvordan du kan sende et tilbud i Orderstep p\u00e5 under 60 sekunder.Se hvordan man f\u00f8lger op p\u00e5 et tilbud I denne video viser vi dig, hvordan du kan f\u00f8lge op p\u00e5 dine tilbud i Orderstep \u2013 hurtigt og effektivt.Se hvad dine kunder ser n\u00e5r du sender et tilbud I denne video ser du, hvordan kundeportalen g\u00f8r det nemt for dine kunder at f\u00e5 overblik og acceptere tilbud.Se hvordan man integrere til E-conomic I denne video viser vi, hvor nemt Orderstep integrerer med e-conomic, s\u00e5 du slipper for dobbeltarbejde.","og_url":"https:\/\/orderstep.dk\/en\/watch-a-demo\/","og_site_name":"Orderstep","article_publisher":"https:\/\/www.facebook.com\/Orderstep","article_modified_time":"2025-08-31T20:08:08+00:00","og_image":[{"width":1198,"height":676,"url":"https:\/\/orderstep.dk\/wp-content\/uploads\/2025\/09\/orderstep-skrift-og-logo.png","type":"image\/png"}],"twitter_card":"summary_large_image","schema":{"@context":"https:\/\/schema.org","@graph":[{"@type":"WebPage","@id":"https:\/\/orderstep.dk\/se-en-demo\/","url":"https:\/\/orderstep.dk\/se-en-demo\/","name":"Watch a demo - Orderstep","isPartOf":{"@id":"https:\/\/orderstep.dk\/#website"},"datePublished":"2025-08-31T11:06:06+00:00","dateModified":"2025-08-31T20:08:08+00:00","breadcrumb":{"@id":"https:\/\/orderstep.dk\/se-en-demo\/#breadcrumb"},"inLanguage":"en-GB","potentialAction":[{"@type":"ReadAction","target":["https:\/\/orderstep.dk\/se-en-demo\/"]}]},{"@type":"BreadcrumbList","@id":"https:\/\/orderstep.dk\/se-en-demo\/#breadcrumb","itemListElement":[{"@type":"ListItem","position":1,"name":"Hjem","item":"https:\/\/orderstep.dk\/"},{"@type":"ListItem","position":2,"name":"Se en demo"}]},{"@type":"WebSite","@id":"https:\/\/orderstep.dk\/#website","url":"https:\/\/orderstep.dk\/","name":"Order step","description":"","publisher":{"@id":"https:\/\/orderstep.dk\/#organization"},"potentialAction":[{"@type":"SearchAction","target":{"@type":"EntryPoint","urlTemplate":"https:\/\/orderstep.dk\/?s={search_term_string}"},"query-input":{"@type":"PropertyValueSpecification","valueRequired":true,"valueName":"search_term_string"}}],"inLanguage":"en-GB"},{"@type":"Organization","@id":"https:\/\/orderstep.dk\/#organization","name":"Orderstep ApS","url":"https:\/\/orderstep.dk\/","logo":{"@type":"ImageObject","inLanguage":"en-GB","@id":"https:\/\/orderstep.dk\/#\/schema\/logo\/image\/","url":"https:\/\/orderstep.dk\/wp-content\/uploads\/2025\/09\/300x300_px_orderstep_linkedin_logo2.png","contentUrl":"https:\/\/orderstep.dk\/wp-content\/uploads\/2025\/09\/300x300_px_orderstep_linkedin_logo2.png","width":300,"height":300,"caption":"Orderstep ApS"},"image":{"@id":"https:\/\/orderstep.dk\/#\/schema\/logo\/image\/"},"sameAs":["https:\/\/www.facebook.com\/Orderstep","https:\/\/www.youtube.com\/@Orderstep","https:\/\/www.linkedin.com\/company\/orderstep\/"]}]}},"_links":{"self":[{"href":"https:\/\/orderstep.dk\/en\/wp-json\/wp\/v2\/pages\/26939","targetHints":{"allow":["GET"]}}],"collection":[{"href":"https:\/\/orderstep.dk\/en\/wp-json\/wp\/v2\/pages"}],"about":[{"href":"https:\/\/orderstep.dk\/en\/wp-json\/wp\/v2\/types\/page"}],"author":[{"embeddable":true,"href":"https:\/\/orderstep.dk\/en\/wp-json\/wp\/v2\/users\/1"}],"replies":[{"embeddable":true,"href":"https:\/\/orderstep.dk\/en\/wp-json\/wp\/v2\/comments?post=26939"}],"version-history":[{"count":0,"href":"https:\/\/orderstep.dk\/en\/wp-json\/wp\/v2\/pages\/26939\/revisions"}],"wp:attachment":[{"href":"https:\/\/orderstep.dk\/en\/wp-json\/wp\/v2\/media?parent=26939"}],"curies":[{"name":"wp","href":"https:\/\/api.w.org\/{rel}","templated":true}]}}