{"id":26519,"date":"2025-08-12T12:16:24","date_gmt":"2025-08-12T10:16:24","guid":{"rendered":"http:\/\/orderstep.dk.dedivirt3426.your-server.de\/?page_id=26519"},"modified":"2025-10-10T17:27:30","modified_gmt":"2025-10-10T15:27:30","slug":"personal-data","status":"publish","type":"page","link":"https:\/\/orderstep.dk\/en\/persondata\/","title":{"rendered":"Personal data"},"content":{"rendered":"<p>[et_pb_section fb_built=&#8221;1&#8243; _builder_version=&#8221;4.27.4&#8243; _module_preset=&#8221;default&#8221; global_colors_info=&#8221;{}&#8221;][et_pb_row _builder_version=&#8221;4.27.4&#8243; _module_preset=&#8221;default&#8221; global_colors_info=&#8221;{}&#8221;][et_pb_column type=&#8221;4_4&#8243; _builder_version=&#8221;4.27.4&#8243; _module_preset=&#8221;default&#8221; global_colors_info=&#8221;{}&#8221;][et_pb_text _builder_version=&#8221;4.27.4&#8243; _module_preset=&#8221;default&#8221; global_colors_info=&#8221;{}&#8221;]<\/p>\n<h1>Databehandleraftale<\/h1>\n<p><span>N\u00e5r du signer up, indg\u00e5r vi en databehandleraftale \u2013 uanset om du er freemium bruger eller betalende kunde \u2013 da det er vigtigt for os, at du f\u00f8ler dig tryg med at orderstep beskytter dine data.<\/span><\/p>\n<p>[\/et_pb_text][\/et_pb_column][\/et_pb_row][et_pb_row _builder_version=&#8221;4.27.4&#8243; _module_preset=&#8221;default&#8221; global_colors_info=&#8221;{}&#8221;][et_pb_column type=&#8221;4_4&#8243; _builder_version=&#8221;4.27.4&#8243; _module_preset=&#8221;default&#8221; global_colors_info=&#8221;{}&#8221;][et_pb_text _builder_version=&#8221;4.27.4&#8243; _module_preset=&#8221;default&#8221; global_colors_info=&#8221;{}&#8221;]<\/p>\n<h1>Cookie og privatlivspolitik<\/h1>\n<p>[\/et_pb_text][\/et_pb_column][\/et_pb_row][et_pb_row _builder_version=&#8221;4.27.4&#8243; _module_preset=&#8221;default&#8221; global_colors_info=&#8221;{}&#8221;][et_pb_column type=&#8221;4_4&#8243; _builder_version=&#8221;4.27.4&#8243; _module_preset=&#8221;default&#8221; global_colors_info=&#8221;{}&#8221;][et_pb_text _builder_version=&#8221;4.27.4&#8243; _module_preset=&#8221;default&#8221; header_2_font=&#8221;Poppins||||||||&#8221; header_2_text_color=&#8221;#3D6CC9&#8243; header_2_font_size=&#8221;30px&#8221; global_colors_info=&#8221;{}&#8221;]<\/p>\n<p>1. Generelt<\/p>\n<p>1.1. Cookie- og privatlivspolitikken i dette afsnit beskriver, hvorledes orderstep ApS, <span>Aldersrogade 6E, 2. sal, 2100 K\u00f8benhavn \u00d8<\/span>, CVR-nummer 39107457 indsamler og behandler dine personlige oplysninger n\u00e5r du bruger systemerne p\u00e5 orderstep.dk til udarbejdelse af tilbud, styring af informationer og indsamling af data med henblik p\u00e5 at lave statistik.<\/p>\n<p>1.2. orderstep er dataansvarlig og du kan altid henvende dig til orderstep\u2019s dataansvarlige, som for nuv\u00e6rende er, Lars Olafsson, vedr\u00f8rende sp\u00f8rgsm\u00e5l omkring behandlingen af dine personoplysninger p\u00e5 enten persondata@orderstep.dk eller telefon 4110 9090.<\/p>\n<p>2. Hvilke personoplysninger indsamles og hvad bruges oplysningerne til<\/p>\n<p>2.1. Behandling af de oplysninger vi modtager om dig som bruger af systemet<\/p>\n<p>2.1.1. Dit navn, firma- eller organisationsnavn, stillingsbetegnelse, telefonnummer og e-mail vil blive registreret i orderstep\u2019s systemer.<\/p>\n<p>2.1.2. De angivne oplysninger anvendes til ekspedition og levering af det bestilte abonnement. Herudover anvendes de ogs\u00e5 til kommunikation om opdateringer til systemerne samt forventede nedetid p\u00e5 systemet mv.<\/p>\n<p>2.1.3. Retsgrundlaget for behandlingen af de oplysninger der angives om dig som bruger af systemerne, er EU Databeskyttelsesforordningens artikel 6, stk. 1, litra b, c og f.<\/p>\n<p>2.2. Behandling af oplysninger, n\u00e5r du bes\u00f8ger hjemmesiden orderstep.dk<\/p>\n<p>2.2.1. orderstep.dk anvender cookies. En cookie er en lille tekstfil, som mange hjemmesider bruger for at kunne genkende din computer fra gang til gang du bes\u00f8ger hjemmesiden. En cookie er en passiv fil og kan ikke sprede virus eller andre skadelige programmer. De anvendte cookies identificerer ikke den enkelte bruger, men derimod brugerens computer.<\/p>\n<p>orderstep\u2019s anvendelse af cookies afh\u00e6nger af hvilke sider du bes\u00f8ger p\u00e5 hjemmesiden.<br \/>N\u00e5r du bes\u00f8ger www.orderstep.dk, og ikke secure.orderstep.dk, bes\u00f8ger du de dele af hjemmesiden, hvis form\u00e5l er salg og kundepleje for kunder og potentielle kunder hos orderstep. Her anvender orderstep cookies for at forbedre din oplevelse p\u00e5 hjemmesiden, vurdere brugen af de enkelte elementer p\u00e5 hjemmesiden og til at forbedre markedsf\u00f8ringen af vores produkter og ydelser. Se yderligere information under punkt 7 \u201cCookies\u201d.<\/p>\n<p>2.2.2. N\u00e5r du benytter orderstep.dk bliver dine handlinger p\u00e5 siderne registreret i en log. Loggen gemmer data om alle aktiviteter du foretager dig p\u00e5 hjemmesiden. Hvilke oplysninger der logges afh\u00e6nger af de sider du bes\u00f8ger p\u00e5 hjemmesiden.<\/p>\n<p>P\u00e5 alle de sider du bes\u00f8ger p\u00e5 hjemmesiden logger orderstep:<\/p>\n<p>hvilken ip-adresse du benytter<br \/>hvilket bruger-id du er logget ind med<br \/>hvilke sider du har bes\u00f8gt<\/p>\n<p>Herudover logger orderstep det meste, af det du foretager dig i systemerne, f.eks. hvilke tilbud, kunder mv. du har oprettet, redigeret, set, slettet mv., herunder ogs\u00e5 hvad du har indtastet undervejs.<\/p>\n<p>orderstep bruger oplysningerne i loggen til at dokumentere hvad du har foretaget dig, forbedre brugervenligheden, m\u00e5lrette markedsf\u00f8ring samt som dokumentationsgrundlag for l\u00f8sningen af eventuelle uoverensstemmelser.<\/p>\n<p>2.2.3 Hvis du skriver til os, behandler vi de personoplysninger du giver os for at besvare din henvendelse.<\/p>\n<p>2.2.4 Retsgrundlaget for behandlingen af oplysninger, n\u00e5r du bes\u00f8ger hjemmesiden orderstep.dk er EU Databeskyttelsesforordningens artikel 6, stk. 1, litra b, c og f.<\/p>\n<p>3. Modtagere af personoplysninger<\/p>\n<p>3.1. orderstep s\u00e6lger ikke de personoplysninger du har indtastet ved bestillingen af abonnementet til tredjemand.<\/p>\n<p>3.2. orderstep videregiver ikke de registrerede personoplysninger til tredjemand medmindre det udtrykkeligt er anf\u00f8rt i disse betingelser.<\/p>\n<p>3.3. For at kunne administrere og forbedre dit abonnement vil der blive videregivet personlige oplysninger til eksterne samarbejdspartnere. De eksterne samarbejdspartnere der kan anvendes, er blandt andet betalingsformidlere, en webhosting udbyder, en udbyder af nyhedsbreve, en udbyder af et evalueringssystem samt en udbyder af et CRM-system. Ved telefoniske henvendelser vil der desuden blive anvendt en telefonudbyder.<\/p>\n<p>3.4. orderstep anvender herudover eksterne samarbejdspartnere til blandt andet forbedring af hjemmesiden samt m\u00e5lrettet markedsf\u00f8ring, herunder retargeting. Se yderligere information i punkt 7 \u201cCookies\u201d.<\/p>\n<p>4. Sletning af personlige oplysninger<\/p>\n<p>4.1. Oplysningerne opbevares i 5 \u00e5r fra udgangen af det regnskabs\u00e5r, som materialet vedr\u00f8rer.<\/p>\n<p>4.2. Sletning af oplysninger som f\u00f8lge af, at du har en aktivitet p\u00e5 orderstep.dk (g\u00e6lder ikke secure.orderstep .dk), sker to \u00e5r efter aktiviteten.<\/p>\n<p>5. Sikkerhed<\/p>\n<p>5.1. orderstep opretholder passende tekniske og organisatoriske sikkerhedsforanstaltninger mod at personoplysningerne h\u00e6ndeligt eller ulovligt tilintetg\u00f8res, fortabes eller forringes samt mod, at de kommer til uvedkommendes kendskab eller misbrug.<\/p>\n<p>5.2. Kun medarbejdere, der har et reelt behov for at f\u00e5 adgang til dine personoplysninger for at udf\u00f8re deres arbejde, har adgang til disse.<\/p>\n<p>5.3. Oplysningerne opbevares ikke krypteret, men overf\u00f8res krypteret.<\/p>\n<p>6. Dine rettigheder<\/p>\n<p>6.1. Som registreret har du altid mulighed for indsigt og for at kunne g\u00f8re indsigelse mod en registrering i henhold til reglerne i Databeskyttelsesforordningen.<\/p>\n<p>6.2. Databeskyttelsesforordningen giver dig som registreret f\u00f8lgende rettigheder:<\/p>\n<p>6.2.1. Retten til indsigt i egne personoplysninger<\/p>\n<p>Du er til enhver tid berettiget til at f\u00e5 oplysninger om hvordan dine personoplysninger behandles, herunder f.eks. hvilke oplysninger, der er registreret om dig, hvilket form\u00e5l, registreringen tjener, kategorien af personoplysninger, modtagere af personoplysninger mv. Hvis du \u00f8nsker indsigt i behandlingen af dine personoplysninger, skal du sende en skriftlig anmodning til den dataansvarlige hos orderstep. Du kan blive bedt om at dokumentere, at du er den du giver dig ud for at v\u00e6re.<\/p>\n<p>6.2.2. Retten til berigtigelse<\/p>\n<p>Du har ret til at f\u00e5 urigtige personoplysninger om dig selv berigtiget. S\u00e5fremt du bliver opm\u00e6rksom p\u00e5, at der er fejl i de oplysninger, som er registreret om dig, kan orderstep have gjort det muligt for dig at korrigere de oplysninger, du har angivet direkte i systemet. Er det ikke muligt at \u00e6ndre oplysningerne direkte i systemet, opfordres du til at rette henvendelse til orderstep, s\u00e5 oplysningerne kan blive korrigeret.<\/p>\n<p>6.2.3. Retten til sletning<\/p>\n<p>I visse tilf\u00e6lde har du ret til at f\u00e5 alle eller visse af dine personoplysninger slettet af orderstep. I det omfang en fortsat behandling af dine oplysninger er n\u00f8dvendig, f.eks. grundet overholdelse af retlige forpligtelser, eller for at et retskrav kan fastl\u00e6gges, g\u00f8res g\u00e6ldende eller forsvares, er orderstep ikke forpligtede til at slette dine personoplysninger.<\/p>\n<p>6.2.4. Retten til begr\u00e6nsning af behandling<\/p>\n<p>Du har i visse tilf\u00e6lde ret til at f\u00e5 begr\u00e6nset behandlingen af dine personoplysninger til kun at best\u00e5 af opbevaring, f.eks. hvis du mener, at de oplysninger, der behandles om dig, ikke er korrekte eller den p\u00e5g\u00e6ldende behandling menes at v\u00e6re ulovlig.<\/p>\n<p>6.2.5. Retten til dataportabilitet (udlevering af data i et almindeligt anvendt format)<\/p>\n<p>Du har i visse tilf\u00e6lde ret til at f\u00e5 personoplysninger, som du selv har givet, udleveret i et struktureret, almindeligt anvendt og maskinl\u00e6sbart format og overf\u00f8rt til en anden dataansvarlig.<\/p>\n<p>6.2.6. Retten til indsigelse<\/p>\n<p>Du har til enhver tid ret til at g\u00f8re indsigelse mod behandlingen af dine personoplysninger.<\/p>\n<p>Du kan g\u00f8re brug af dine rettigheder, herunder g\u00f8re indsigelse mod behandlingen, ved at henvende dig til den dataansvarlige hos orderstep, som for \u00f8jeblikket er Lars Olafsson p\u00e5 persondata@orderstep.dk eller 4110 9090. Vi vil efter din henvendelse unders\u00f8ge om betingelserne for din henvendelse er opfyldt og herefter gennemf\u00f8re de \u00f8nskede \u00e6ndringer eller sletning hurtigst muligt.<\/p>\n<p>6.3. Du kan klage over behandlingen af dine personoplysninger til:<\/p>\n<p>Datatilsynet, Borgergade 28,5<br \/>1300 K\u00f8benhavn K<br \/>Tlf.: 33 19 32 00<br \/>Fax: 33 19 32 18<br \/>Mail: dt@datatilsynet.dk<\/p>\n<p>7. Cookies<\/p>\n<p>7.1. Der anvendes cookies for at forbedre din oplevelse p\u00e5 vores hjemmeside, vurdere brugen af de enkelte elementer p\u00e5 hjemmesiden, og til at forbedre markedsf\u00f8ringen af vores produkter og ydelser. Hvordan orderstep anvender cookies afh\u00e6nger af de sider du bes\u00f8ger p\u00e5 hjemmesiden.<\/p>\n<p>7.2. Tekniske cookies<\/p>\n<p>7.2.1. Der anvendes tekniske cookies p\u00e5 hjemmesiden med det form\u00e5l at f\u00e5 hjemmesiden til at fungere. De cookies der anvendes af tekniske \u00e5rsager, er n\u00f8dvendige for at hjemmesiden fungerer og du kan derfor ikke benytte hjemmesiden, hvis du v\u00e6lger at afvise brugen af tekniske cookies. P\u00e5 de sider, hvor der vises videoer, bliver der sat tekniske cookies fra videohosting servicen Vimeo for at afspilning af videoer kan fungere.<\/p>\n<p>7.2.2. Tekniske cookies bliver for\u00e6ldet 30 minutter efter at du har klikket v\u00e6k fra hjemmesiden. Din browser sletter dem selv herefter if\u00f8lge dennes procedure for at slette for\u00e6ldede cookies.<\/p>\n<p>7.2.3. Tekniske cookies anvendes p\u00e5 alle de sider du bes\u00f8ger p\u00e5 hjemmesiden orderstep.dk.<\/p>\n<p>7.3. Statistikcookies og markedsf\u00f8ringscookies<\/p>\n<p>7.3.1. Hjemmesiden lader webanalysev\u00e6rkt\u00f8jerne Google Analytics registrere cookies p\u00e5 din computer til sporing. Sporingen bruges til analyser, der kan optimere design, brugervenlighed og effektiviteten p\u00e5 hjemmesiden.<\/p>\n<p>7.3.2. Hjemmesiden lader desuden reklamev\u00e6rkt\u00f8jerne Google Analytics, LinkedIn og Facebook registrere cookies, s\u00e5 disse kan foretage sporing af hvad din computer foretager sig p\u00e5 hjemmesiden. Sporingen foretages for at kunne tilbyde dig relevante reklamer om vores produkter og ydelser p\u00e5 deres medier og p\u00e5 3. parts netv\u00e6rk, hvor de har aftale om at vise reklamer. Sporingen g\u00f8r det ikke muligt for orderstep at identificere dit navn, kontaktoplysninger eller andre personlige detaljer.<\/p>\n<p>7.3.3. Sporingen gemmes p\u00e5 ubestemt tid og slettes ikke automatisk, n\u00e5r du klikker v\u00e6k fra hjemmesiden.<\/p>\n<p>7.3.4. De ovenfor anf\u00f8rte statistikcookies og markedsf\u00f8ringscookies anvendelse p\u00e5 www.orderstep.dk, har til form\u00e5l hj\u00e6lpe til med salg og kundepleje for kunder og potentielle kunder hos orderstep.<\/p>\n<p>7.3.5. De ovenfor anf\u00f8rte statistikcookies anvendes ogs\u00e5 p\u00e5 systemerne p\u00e5 secure.orderstep.dk. Her er form\u00e5let at se, hvor mange brugere, der anvender systemet, p\u00e5 hvilke tidspunkter og hvilke sider, der anvendes. Dette g\u00f8res, s\u00e5 orderstep kan sikre, at systemet til enhver tid k\u00f8rer stabilt og kan sikre bedre hardware, hvis der registreres overbelastning i visse perioder mv.<\/p>\n<p>7.4. Afvis eller slet cookies<\/p>\n<p>7.4.1. Hvis du ikke \u00f8nsker sporing af din computer, skal du konfigurere din browser til at afvise cookies fra 3. parts hjemmesider. Hvor du finder indstillingerne, afh\u00e6nger af, hvilken browser du bruger.<br \/>Cookies som du tidligere har accepteret, kan efterf\u00f8lgende slettes. Bruger du flere browsere, skal du huske, at slette cookies i dem alle.<\/p>\n<p>Se hvordan du sletter cookies og konfigurere din browser i vejledningen http:\/\/minecookies.org\/cookiehandtering\/.<\/p>\n<p>7.4.2. S\u00e5fremt du sletter disse cookies, kan du opleve at systemerne og hjemmesiden ikke vil fungere efter hensigten. orderstep kan i dette tilf\u00e6lde ikke hj\u00e6lpe med at f\u00e5 systemet til at virke for dig.<\/p>\n<p>7.5. Garantier for overf\u00f8rsel af oplysninger til USA<\/p>\n<p>7.5.1. Google Analytics, Vimeo, LinkedIn og Facebook er etableret i USA. De forn\u00f8dne garantier for overf\u00f8rsel af oplysninger til USA er sikret gennem databehandlerens certificering under EU-U.S. Privacy Shield, jf. EU Databeskyttelsesforordningens artikel 45.<\/p>\n<p>[\/et_pb_text][\/et_pb_column][\/et_pb_row][\/et_pb_section]<\/p>\n","protected":false},"excerpt":{"rendered":"<p>Databehandleraftale N\u00e5r du signer up, indg\u00e5r vi en databehandleraftale \u2013 uanset om du er freemium bruger eller betalende kunde \u2013 da det er vigtigt for os, at du f\u00f8ler dig tryg med at orderstep beskytter dine data.Cookie og privatlivspolitik1. Generelt 1.1. Cookie- og privatlivspolitikken i dette afsnit beskriver, hvorledes orderstep ApS, Aldersrogade 6E, 2. sal, 2100 K\u00f8benhavn \u00d8, CVR-nummer 39107457 indsamler og behandler dine personlige oplysninger n\u00e5r du bruger systemerne p\u00e5 orderstep.dk til udarbejdelse af tilbud, styring af informationer og indsamling af data med henblik p\u00e5 at lave statistik. 1.2. orderstep er dataansvarlig og du kan altid henvende dig til orderstep\u2019s dataansvarlige, som for nuv\u00e6rende er, Lars Olafsson, vedr\u00f8rende sp\u00f8rgsm\u00e5l omkring behandlingen af dine personoplysninger p\u00e5 enten persondata@orderstep.dk eller telefon 4110 9090. 2. Hvilke personoplysninger indsamles og hvad bruges oplysningerne til 2.1. Behandling af de oplysninger vi modtager om dig som bruger af systemet 2.1.1. Dit navn, firma- eller organisationsnavn, stillingsbetegnelse, telefonnummer og e-mail vil blive registreret i orderstep\u2019s systemer. 2.1.2. De angivne oplysninger anvendes til ekspedition og levering af det bestilte abonnement. Herudover anvendes de ogs\u00e5 til kommunikation om opdateringer til systemerne samt forventede nedetid p\u00e5 systemet mv. 2.1.3. Retsgrundlaget for behandlingen af de oplysninger der angives om dig [&hellip;]<\/p>\n","protected":false},"author":1,"featured_media":0,"parent":0,"menu_order":0,"comment_status":"closed","ping_status":"closed","template":"","meta":{"_et_pb_use_builder":"on","_et_pb_old_content":"","_et_gb_content_width":"","inline_featured_image":false,"footnotes":""},"class_list":["post-26519","page","type-page","status-publish","hentry"],"yoast_head":"<!-- This site is optimized with the Yoast SEO plugin v27.3 - https:\/\/yoast.com\/product\/yoast-seo-wordpress\/ -->\n<title>Persondata - Orderstep<\/title>\n<meta name=\"robots\" content=\"index, follow, max-snippet:-1, max-image-preview:large, max-video-preview:-1\" \/>\n<link rel=\"canonical\" href=\"https:\/\/orderstep.dk\/en\/personal-data\/\" \/>\n<meta property=\"og:locale\" content=\"en_GB\" \/>\n<meta property=\"og:type\" content=\"article\" \/>\n<meta property=\"og:title\" content=\"Persondata - Orderstep\" \/>\n<meta property=\"og:description\" content=\"Databehandleraftale N\u00e5r du signer up, indg\u00e5r vi en databehandleraftale \u2013 uanset om du er freemium bruger eller betalende kunde \u2013 da det er vigtigt for os, at du f\u00f8ler dig tryg med at orderstep beskytter dine data.Cookie og privatlivspolitik1. Generelt 1.1. Cookie- og privatlivspolitikken i dette afsnit beskriver, hvorledes orderstep ApS, Aldersrogade 6E, 2. sal, 2100 K\u00f8benhavn \u00d8, CVR-nummer 39107457 indsamler og behandler dine personlige oplysninger n\u00e5r du bruger systemerne p\u00e5 orderstep.dk til udarbejdelse af tilbud, styring af informationer og indsamling af data med henblik p\u00e5 at lave statistik. 1.2. orderstep er dataansvarlig og du kan altid henvende dig til orderstep\u2019s dataansvarlige, som for nuv\u00e6rende er, Lars Olafsson, vedr\u00f8rende sp\u00f8rgsm\u00e5l omkring behandlingen af dine personoplysninger p\u00e5 enten persondata@orderstep.dk eller telefon 4110 9090. 2. Hvilke personoplysninger indsamles og hvad bruges oplysningerne til 2.1. Behandling af de oplysninger vi modtager om dig som bruger af systemet 2.1.1. Dit navn, firma- eller organisationsnavn, stillingsbetegnelse, telefonnummer og e-mail vil blive registreret i orderstep\u2019s systemer. 2.1.2. De angivne oplysninger anvendes til ekspedition og levering af det bestilte abonnement. Herudover anvendes de ogs\u00e5 til kommunikation om opdateringer til systemerne samt forventede nedetid p\u00e5 systemet mv. 2.1.3. Retsgrundlaget for behandlingen af de oplysninger der angives om dig [&hellip;]\" \/>\n<meta property=\"og:url\" content=\"https:\/\/orderstep.dk\/en\/personal-data\/\" \/>\n<meta property=\"og:site_name\" content=\"Orderstep\" \/>\n<meta property=\"article:publisher\" content=\"https:\/\/www.facebook.com\/Orderstep\" \/>\n<meta property=\"article:modified_time\" content=\"2025-10-10T15:27:30+00:00\" \/>\n<meta property=\"og:image\" content=\"https:\/\/orderstep.dk\/wp-content\/uploads\/2025\/09\/orderstep-skrift-og-logo.png\" \/>\n\t<meta property=\"og:image:width\" content=\"1198\" \/>\n\t<meta property=\"og:image:height\" content=\"676\" \/>\n\t<meta property=\"og:image:type\" content=\"image\/png\" \/>\n<meta name=\"twitter:card\" content=\"summary_large_image\" \/>\n<script type=\"application\/ld+json\" class=\"yoast-schema-graph\">{\"@context\":\"https:\\\/\\\/schema.org\",\"@graph\":[{\"@type\":\"WebPage\",\"@id\":\"https:\\\/\\\/orderstep.dk\\\/persondata\\\/\",\"url\":\"https:\\\/\\\/orderstep.dk\\\/persondata\\\/\",\"name\":\"Persondata - Orderstep\",\"isPartOf\":{\"@id\":\"https:\\\/\\\/orderstep.dk\\\/#website\"},\"datePublished\":\"2025-08-12T10:16:24+00:00\",\"dateModified\":\"2025-10-10T15:27:30+00:00\",\"breadcrumb\":{\"@id\":\"https:\\\/\\\/orderstep.dk\\\/persondata\\\/#breadcrumb\"},\"inLanguage\":\"en-GB\",\"potentialAction\":[{\"@type\":\"ReadAction\",\"target\":[\"https:\\\/\\\/orderstep.dk\\\/persondata\\\/\"]}]},{\"@type\":\"BreadcrumbList\",\"@id\":\"https:\\\/\\\/orderstep.dk\\\/persondata\\\/#breadcrumb\",\"itemListElement\":[{\"@type\":\"ListItem\",\"position\":1,\"name\":\"Hjem\",\"item\":\"https:\\\/\\\/orderstep.dk\\\/\"},{\"@type\":\"ListItem\",\"position\":2,\"name\":\"Persondata\"}]},{\"@type\":\"WebSite\",\"@id\":\"https:\\\/\\\/orderstep.dk\\\/#website\",\"url\":\"https:\\\/\\\/orderstep.dk\\\/\",\"name\":\"Orderstep\",\"description\":\"\",\"publisher\":{\"@id\":\"https:\\\/\\\/orderstep.dk\\\/#organization\"},\"potentialAction\":[{\"@type\":\"SearchAction\",\"target\":{\"@type\":\"EntryPoint\",\"urlTemplate\":\"https:\\\/\\\/orderstep.dk\\\/?s={search_term_string}\"},\"query-input\":{\"@type\":\"PropertyValueSpecification\",\"valueRequired\":true,\"valueName\":\"search_term_string\"}}],\"inLanguage\":\"en-GB\"},{\"@type\":\"Organization\",\"@id\":\"https:\\\/\\\/orderstep.dk\\\/#organization\",\"name\":\"Orderstep ApS\",\"url\":\"https:\\\/\\\/orderstep.dk\\\/\",\"logo\":{\"@type\":\"ImageObject\",\"inLanguage\":\"en-GB\",\"@id\":\"https:\\\/\\\/orderstep.dk\\\/#\\\/schema\\\/logo\\\/image\\\/\",\"url\":\"https:\\\/\\\/orderstep.dk\\\/wp-content\\\/uploads\\\/2025\\\/09\\\/300x300_px_orderstep_linkedin_logo2.png\",\"contentUrl\":\"https:\\\/\\\/orderstep.dk\\\/wp-content\\\/uploads\\\/2025\\\/09\\\/300x300_px_orderstep_linkedin_logo2.png\",\"width\":300,\"height\":300,\"caption\":\"Orderstep ApS\"},\"image\":{\"@id\":\"https:\\\/\\\/orderstep.dk\\\/#\\\/schema\\\/logo\\\/image\\\/\"},\"sameAs\":[\"https:\\\/\\\/www.facebook.com\\\/Orderstep\",\"https:\\\/\\\/www.youtube.com\\\/@Orderstep\",\"https:\\\/\\\/www.linkedin.com\\\/company\\\/orderstep\\\/\"]}]}<\/script>\n<!-- \/ Yoast SEO plugin. -->","yoast_head_json":{"title":"Personal data - Orderstep","robots":{"index":"index","follow":"follow","max-snippet":"max-snippet:-1","max-image-preview":"max-image-preview:large","max-video-preview":"max-video-preview:-1"},"canonical":"https:\/\/orderstep.dk\/en\/personal-data\/","og_locale":"en_GB","og_type":"article","og_title":"Persondata - Orderstep","og_description":"Databehandleraftale N\u00e5r du signer up, indg\u00e5r vi en databehandleraftale \u2013 uanset om du er freemium bruger eller betalende kunde \u2013 da det er vigtigt for os, at du f\u00f8ler dig tryg med at orderstep beskytter dine data.Cookie og privatlivspolitik1. Generelt 1.1. Cookie- og privatlivspolitikken i dette afsnit beskriver, hvorledes orderstep ApS, Aldersrogade 6E, 2. sal, 2100 K\u00f8benhavn \u00d8, CVR-nummer 39107457 indsamler og behandler dine personlige oplysninger n\u00e5r du bruger systemerne p\u00e5 orderstep.dk til udarbejdelse af tilbud, styring af informationer og indsamling af data med henblik p\u00e5 at lave statistik. 1.2. orderstep er dataansvarlig og du kan altid henvende dig til orderstep\u2019s dataansvarlige, som for nuv\u00e6rende er, Lars Olafsson, vedr\u00f8rende sp\u00f8rgsm\u00e5l omkring behandlingen af dine personoplysninger p\u00e5 enten persondata@orderstep.dk eller telefon 4110 9090. 2. Hvilke personoplysninger indsamles og hvad bruges oplysningerne til 2.1. Behandling af de oplysninger vi modtager om dig som bruger af systemet 2.1.1. Dit navn, firma- eller organisationsnavn, stillingsbetegnelse, telefonnummer og e-mail vil blive registreret i orderstep\u2019s systemer. 2.1.2. De angivne oplysninger anvendes til ekspedition og levering af det bestilte abonnement. Herudover anvendes de ogs\u00e5 til kommunikation om opdateringer til systemerne samt forventede nedetid p\u00e5 systemet mv. 2.1.3. Retsgrundlaget for behandlingen af de oplysninger der angives om dig [&hellip;]","og_url":"https:\/\/orderstep.dk\/en\/personal-data\/","og_site_name":"Orderstep","article_publisher":"https:\/\/www.facebook.com\/Orderstep","article_modified_time":"2025-10-10T15:27:30+00:00","og_image":[{"width":1198,"height":676,"url":"https:\/\/orderstep.dk\/wp-content\/uploads\/2025\/09\/orderstep-skrift-og-logo.png","type":"image\/png"}],"twitter_card":"summary_large_image","schema":{"@context":"https:\/\/schema.org","@graph":[{"@type":"WebPage","@id":"https:\/\/orderstep.dk\/persondata\/","url":"https:\/\/orderstep.dk\/persondata\/","name":"Personal data - Orderstep","isPartOf":{"@id":"https:\/\/orderstep.dk\/#website"},"datePublished":"2025-08-12T10:16:24+00:00","dateModified":"2025-10-10T15:27:30+00:00","breadcrumb":{"@id":"https:\/\/orderstep.dk\/persondata\/#breadcrumb"},"inLanguage":"en-GB","potentialAction":[{"@type":"ReadAction","target":["https:\/\/orderstep.dk\/persondata\/"]}]},{"@type":"BreadcrumbList","@id":"https:\/\/orderstep.dk\/persondata\/#breadcrumb","itemListElement":[{"@type":"ListItem","position":1,"name":"Hjem","item":"https:\/\/orderstep.dk\/"},{"@type":"ListItem","position":2,"name":"Persondata"}]},{"@type":"WebSite","@id":"https:\/\/orderstep.dk\/#website","url":"https:\/\/orderstep.dk\/","name":"Order step","description":"","publisher":{"@id":"https:\/\/orderstep.dk\/#organization"},"potentialAction":[{"@type":"SearchAction","target":{"@type":"EntryPoint","urlTemplate":"https:\/\/orderstep.dk\/?s={search_term_string}"},"query-input":{"@type":"PropertyValueSpecification","valueRequired":true,"valueName":"search_term_string"}}],"inLanguage":"en-GB"},{"@type":"Organization","@id":"https:\/\/orderstep.dk\/#organization","name":"Orderstep ApS","url":"https:\/\/orderstep.dk\/","logo":{"@type":"ImageObject","inLanguage":"en-GB","@id":"https:\/\/orderstep.dk\/#\/schema\/logo\/image\/","url":"https:\/\/orderstep.dk\/wp-content\/uploads\/2025\/09\/300x300_px_orderstep_linkedin_logo2.png","contentUrl":"https:\/\/orderstep.dk\/wp-content\/uploads\/2025\/09\/300x300_px_orderstep_linkedin_logo2.png","width":300,"height":300,"caption":"Orderstep ApS"},"image":{"@id":"https:\/\/orderstep.dk\/#\/schema\/logo\/image\/"},"sameAs":["https:\/\/www.facebook.com\/Orderstep","https:\/\/www.youtube.com\/@Orderstep","https:\/\/www.linkedin.com\/company\/orderstep\/"]}]}},"_links":{"self":[{"href":"https:\/\/orderstep.dk\/en\/wp-json\/wp\/v2\/pages\/26519","targetHints":{"allow":["GET"]}}],"collection":[{"href":"https:\/\/orderstep.dk\/en\/wp-json\/wp\/v2\/pages"}],"about":[{"href":"https:\/\/orderstep.dk\/en\/wp-json\/wp\/v2\/types\/page"}],"author":[{"embeddable":true,"href":"https:\/\/orderstep.dk\/en\/wp-json\/wp\/v2\/users\/1"}],"replies":[{"embeddable":true,"href":"https:\/\/orderstep.dk\/en\/wp-json\/wp\/v2\/comments?post=26519"}],"version-history":[{"count":3,"href":"https:\/\/orderstep.dk\/en\/wp-json\/wp\/v2\/pages\/26519\/revisions"}],"predecessor-version":[{"id":27033,"href":"https:\/\/orderstep.dk\/en\/wp-json\/wp\/v2\/pages\/26519\/revisions\/27033"}],"wp:attachment":[{"href":"https:\/\/orderstep.dk\/en\/wp-json\/wp\/v2\/media?parent=26519"}],"curies":[{"name":"wp","href":"https:\/\/api.w.org\/{rel}","templated":true}]}}