{"id":26511,"date":"2025-08-12T11:39:23","date_gmt":"2025-08-12T09:39:23","guid":{"rendered":"http:\/\/orderstep.dk.dedivirt3426.your-server.de\/?page_id=26511"},"modified":"2025-08-15T09:56:46","modified_gmt":"2025-08-15T07:56:46","slug":"terms-and-conditions","status":"publish","type":"page","link":"https:\/\/orderstep.dk\/en\/terms-and-conditions\/","title":{"rendered":"Terms and conditions"},"content":{"rendered":"\n[et_pb_section fb_built=&#8221;1&#8243; _builder_version=&#8221;4.27.4&#8243; _module_preset=&#8221;default&#8221; global_colors_info=&#8221;{}&#8221;][et_pb_row _builder_version=&#8221;4.27.4&#8243; _module_preset=&#8221;default&#8221;][et_pb_column _builder_version=&#8221;4.27.4&#8243; _module_preset=&#8221;default&#8221; type=&#8221;4_4&#8243;][et_pb_text _builder_version=&#8221;4.27.4&#8243; _module_preset=&#8221;default&#8221; hover_enabled=&#8221;0&#8243; sticky_enabled=&#8221;0&#8243;]<h1>Handelsbetingelser<\/h1>[\/et_pb_text][\/et_pb_column][\/et_pb_row][et_pb_row _builder_version=&#8221;4.27.4&#8243; _module_preset=&#8221;default&#8221; global_colors_info=&#8221;{}&#8221;][et_pb_column type=&#8221;4_4&#8243; _builder_version=&#8221;4.27.4&#8243; _module_preset=&#8221;default&#8221; global_colors_info=&#8221;{}&#8221;][et_pb_text _builder_version=&#8221;4.27.4&#8243; _module_preset=&#8221;default&#8221; hover_enabled=&#8221;0&#8243; global_colors_info=&#8221;{}&#8221; header_2_font=&#8221;Poppins||||||||&#8221; header_2_font_size=&#8221;30px&#8221; sticky_enabled=&#8221;0&#8243;]<h2>1. Generelt<\/h2>\n<p>Enhver aftale om salg, levering af produkter eller serviceydelser (herefter ben\u00e6vnt \u201dSalgsgenstanden\u201d) fra orderstep ApS, CVR-nr. 39107457 (herefter ben\u00e6vnt \u201dS\u00e6lger\u201d) til en aftager af S\u00e6lgers produkter eller serviceydelser (herefter ben\u00e6vnt \u201dK\u00f8ber\u201d) finder sted p\u00e5 grundlag af n\u00e6rv\u00e6rende salgs- og leveringsbetingelser (herefter ben\u00e6vnt \u201dSalgs- og leveringsbetingelserne\u201d).<\/p>\n<h2>2. Aftalegrundlag<\/h2>\n<p>Salgs- og leveringsbetingelserne udg\u00f8r sammen med S\u00e6lgers tilbud, ordrebekr\u00e6ftelse(r) og databehandleraftale(r) det samlede aftalegrundlag om S\u00e6lgers salg og levering af produkter og serviceydelser til K\u00f8ber (herefter ben\u00e6vnt \u201dAftalegrundlaget\u201d).<\/p>\n<p>Salgs- og leveringsbetingelserne finder tillige anvendelse, hvis salg og levering alene sker p\u00e5 baggrund af ordre fra K\u00f8ber.<\/p>\n<p>Enhver fravigelse af Aftalegrundlaget skal aftales skriftligt mellem parterne.<\/p>\n<h2>3. Tilbud<\/h2>\n<p>S\u00e6lgers tilbud til K\u00f8ber er alene bindende for S\u00e6lger i 14 dage.<\/p>\n<p>Tilbud fra S\u00e6lger skal accepteres skriftligt af K\u00f8ber.<\/p>\n<h2>4. Priser<\/h2>\n<p>Hvis leveringen ikke sker i overensstemmelse med et tilbud fra S\u00e6lger, men alene efter ordre fra K\u00f8ber, leveres i henhold til S\u00e6lgers til en hver tid g\u00e6ldende prislister.<\/p>\n<p>Alle priser er eksklusive moms, told og andre skatter og afgifter. Alle priser er endvidere eksklusive eventuel fragt og emballage.<\/p>\n<h2>5. Betaling<\/h2>\n<p>Betaling skal ske senest 14 dage efter leveringen, medmindre andet udtrykkeligt er aftalt mellem parterne.<\/p>\n<p>Betaling skal finde sted via den betalingsm\u00e5de, der til enhver tid er angivet p\u00e5 fakturaen.<\/p>\n<h2>6. Ejendomsforbehold<\/h2>\n<p>Ejendomsretten forbliver hos S\u00e6lger idet der ydes en service p\u00e5 et system via Software as a Service (SaaS).<\/p>\n<p>K\u00f8ber gives adgang til systemet og kan benytte systemets funktionalitet i henhold til Aftalegrundlaget.<\/p>\n<h2>7. Manglende eller for sen betaling<\/h2>\n<p>Betales k\u00f8besummen ikke rettidigt beregnes morarenter p\u00e5 3 % af den til enhver tid v\u00e6rende restg\u00e6ld fra forfaldsdagen.<\/p>\n<p>Betaling af morarenter afsk\u00e6rer ikke s\u00e6lger fra at kr\u00e6ve erstatning for det yderligere tab, som K\u00f8bers misligholdelse af betalingspligten m\u00e5tte medf\u00f8re.<\/p>\n<p>Ved manglende betaling ud over 14 dage efter forfaldsdagen efter punkt 1 er S\u00e6lger berettiget til at h\u00e6ve handlen, kr\u00e6ve forudbetaling for endnu ikke leverede produkter eller serviceydelser eller bringe almindelige misligholdelsesbef\u00f8jelser i anvendelse.<\/p>\n<p>K\u00f8ber er forpligtet til at foretage enhver betaling til S\u00e6lger, som om leveringen var sket til aftalt tid, hvis leveringen er udskudt p\u00e5 grund af K\u00f8bers forhold.<\/p>\n<h2>8. Levering<\/h2>\n<p>Levering sker via online medier (s\u00e5som mail, hjemmesider mv.), og salgsgenstanden anses for leveret, n\u00e5r der er givet K\u00f8ber meddelelse om, at adgangen til Salgsgenstanden er klar.<\/p>\n<h2>9. Forsinkelse med Salgsgenstanden<\/h2>\n<p>En overskridelse af leveringstiden med 7 dage grundet S\u00e6lgers forhold vil, i enhver henseende, blive betragtet som rettidig levering, og K\u00f8ber kan ikke af den grund ud\u00f8ve nogen bef\u00f8jelser over for S\u00e6lger.<\/p>\n<p>S\u00e5fremt forsinkelse ved leveringen skyldes, at S\u00e6lger er forhindret i at levere salgsgenstanden som f\u00f8lge af en arbejdskonflikt, der ber\u00f8rer S\u00e6lgers produktion, brand, krig, vareknaphed, underleverand\u00f8rs forsinkelse, str\u00f8msvigt eller lignende i S\u00e6lgers produktion samt alle tilf\u00e6lde af force majeure, udskydes leveringen med den tid, som hindringen varer. Dette g\u00f8r sig g\u00e6ldende uanset om \u00e5rsagen til forsinkelsen indtr\u00e6ffer f\u00f8r eller efter udl\u00f8bet af den aftalte leveringstid. S\u00e6lger skal hurtigst muligt orientere K\u00f8ber, hvis s\u00e5danne omst\u00e6ndigheder indtr\u00e6der.<\/p>\n<p>Begge parter er dog berettiget til at annullere aftalen, hvis forsinkelsen overskrider 6 m\u00e5neder.<\/p>\n<h2>10. Mangler ved Salgsgenstanden<\/h2>\n<p>K\u00f8ber skal straks ved leveringen foretage en unders\u00f8gelse af Salgsgenstanden fra S\u00e6lger.<\/p>\n<p>Hvis k\u00f8ber vil p\u00e5ber\u00e5be sig en mangel, skal K\u00f8ber, straks efter manglen er eller burde v\u00e6re opdaget, give S\u00e6lger skriftlig meddelelse herom samt anf\u00f8re, hvori manglen best\u00e5r.<\/p>\n<p>Hvis K\u00f8ber ikke reklamerer som anf\u00f8rt, kan K\u00f8ber ikke senere g\u00f8re manglen g\u00e6ldende.<\/p>\n<p>Efter S\u00e6lgers valg vil mangler ved Salgsgenstanden blive afhjulpet eller omleveret for S\u00e6lgers regning inden rimelig tid. Sker dette ikke, er K\u00f8ber berettiget til at h\u00e6ve aftalen, kr\u00e6ve afslag i k\u00f8besummen eller kr\u00e6ve erstatning.<\/p>\n<p>Har K\u00f8ber ikke inden 6 m\u00e5neder efter leveringsdato p\u00e5ber\u00e5bt sig manglen over for S\u00e6lger, kan K\u00f8ber ikke senere g\u00f8re manglen g\u00e6ldende.<\/p>\n<h2>11. Forsinkelse med k\u00f8besummen<\/h2>\n<p>Betaler K\u00f8ber ikke for en levering inden forfaldstid, er S\u00e6lger berettiget til at h\u00e6ve handlen og kr\u00e6ve erstatning efter dansk rets almindelige regler. S\u00e6lger er endvidere berettiget til at h\u00e6ve andre eventuelle aftaler om salg med K\u00f8ber, hvor salgsgenstanden endnu ikke er leveret.<\/p>\n<h2>12. S\u00e6lgers ansvar<\/h2>\n<p>S\u00e6lgers eventuelle erstatningsansvar over for K\u00f8ber er i alle tilf\u00e6lde begr\u00e6nset til DKK 30.000.<\/p>\n<p>S\u00e6lger p\u00e5tager sig ikke noget ansvar eller nogen erstatningspligt i forbindelse med f\u00f8lgevirkninger p\u00e5 grund af forsinket levering.<\/p>\n<p>S\u00e6lger h\u00e6fter ikke for K\u00f8bers indirekte tab herunder driftstab og tab af avance.<\/p>\n<h2>13. Overdragelse af rettigheder og forpligtelser<\/h2>\n<p>S\u00e6lger er berettiget til at overdrage samtlige af sine rettigheder og forpligtelser henhold til Salgs- og leveringsbetingelserne helt eller delvis til tredjemand.<\/p>\n<h2>14. Lovvalg og v\u00e6rneting<\/h2>\n<p>Parternes aftale er underlagt dansk ret, og eventuelle tvister mellem parterne skal indbringes for den byret, hvor S\u00e6lger har v\u00e6rneting eller S\u00f8- og Handelsretten efter S\u00e6lgers eget valg.<\/p>[\/et_pb_text][\/et_pb_column][\/et_pb_row][\/et_pb_section]\n","protected":false},"excerpt":{"rendered":"<p>Handelsbetingelser1. Generelt Enhver aftale om salg, levering af produkter eller serviceydelser (herefter ben\u00e6vnt \u201dSalgsgenstanden\u201d) fra orderstep ApS, CVR-nr. 39107457 (herefter ben\u00e6vnt \u201dS\u00e6lger\u201d) til en aftager af S\u00e6lgers produkter eller serviceydelser (herefter ben\u00e6vnt \u201dK\u00f8ber\u201d) finder sted p\u00e5 grundlag af n\u00e6rv\u00e6rende salgs- og leveringsbetingelser (herefter ben\u00e6vnt \u201dSalgs- og leveringsbetingelserne\u201d). 2. Aftalegrundlag Salgs- og leveringsbetingelserne udg\u00f8r sammen med S\u00e6lgers tilbud, ordrebekr\u00e6ftelse(r) og databehandleraftale(r) det samlede aftalegrundlag om S\u00e6lgers salg og levering af produkter og serviceydelser til K\u00f8ber (herefter ben\u00e6vnt \u201dAftalegrundlaget\u201d). Salgs- og leveringsbetingelserne finder tillige anvendelse, hvis salg og levering alene sker p\u00e5 baggrund af ordre fra K\u00f8ber. Enhver fravigelse af Aftalegrundlaget skal aftales skriftligt mellem parterne. 3. Tilbud S\u00e6lgers tilbud til K\u00f8ber er alene bindende for S\u00e6lger i 14 dage. Tilbud fra S\u00e6lger skal accepteres skriftligt af K\u00f8ber. 4. Priser Hvis leveringen ikke sker i overensstemmelse med et tilbud fra S\u00e6lger, men alene efter ordre fra K\u00f8ber, leveres i henhold til S\u00e6lgers til en hver tid g\u00e6ldende prislister. Alle priser er eksklusive moms, told og andre skatter og afgifter. Alle priser er endvidere eksklusive eventuel fragt og emballage. 5. Betaling Betaling skal ske senest 14 dage efter leveringen, medmindre andet udtrykkeligt er aftalt mellem parterne. Betaling skal finde sted via den betalingsm\u00e5de, [&hellip;]<\/p>\n","protected":false},"author":1,"featured_media":0,"parent":0,"menu_order":0,"comment_status":"closed","ping_status":"closed","template":"","meta":{"_et_pb_use_builder":"on","_et_pb_old_content":"","_et_gb_content_width":"","inline_featured_image":false,"footnotes":""},"class_list":["post-26511","page","type-page","status-publish","hentry"],"yoast_head":"<!-- This site is optimized with the Yoast SEO plugin v27.3 - https:\/\/yoast.com\/product\/yoast-seo-wordpress\/ -->\n<title>Handelsbetingelser - Orderstep<\/title>\n<meta name=\"robots\" content=\"index, follow, max-snippet:-1, max-image-preview:large, max-video-preview:-1\" \/>\n<link rel=\"canonical\" href=\"https:\/\/orderstep.dk\/en\/terms-and-conditions\/\" \/>\n<meta property=\"og:locale\" content=\"en_GB\" \/>\n<meta property=\"og:type\" content=\"article\" \/>\n<meta property=\"og:title\" content=\"Handelsbetingelser - Orderstep\" \/>\n<meta property=\"og:description\" content=\"Handelsbetingelser1. Generelt Enhver aftale om salg, levering af produkter eller serviceydelser (herefter ben\u00e6vnt \u201dSalgsgenstanden\u201d) fra orderstep ApS, CVR-nr. 39107457 (herefter ben\u00e6vnt \u201dS\u00e6lger\u201d) til en aftager af S\u00e6lgers produkter eller serviceydelser (herefter ben\u00e6vnt \u201dK\u00f8ber\u201d) finder sted p\u00e5 grundlag af n\u00e6rv\u00e6rende salgs- og leveringsbetingelser (herefter ben\u00e6vnt \u201dSalgs- og leveringsbetingelserne\u201d). 2. Aftalegrundlag Salgs- og leveringsbetingelserne udg\u00f8r sammen med S\u00e6lgers tilbud, ordrebekr\u00e6ftelse(r) og databehandleraftale(r) det samlede aftalegrundlag om S\u00e6lgers salg og levering af produkter og serviceydelser til K\u00f8ber (herefter ben\u00e6vnt \u201dAftalegrundlaget\u201d). Salgs- og leveringsbetingelserne finder tillige anvendelse, hvis salg og levering alene sker p\u00e5 baggrund af ordre fra K\u00f8ber. Enhver fravigelse af Aftalegrundlaget skal aftales skriftligt mellem parterne. 3. Tilbud S\u00e6lgers tilbud til K\u00f8ber er alene bindende for S\u00e6lger i 14 dage. Tilbud fra S\u00e6lger skal accepteres skriftligt af K\u00f8ber. 4. Priser Hvis leveringen ikke sker i overensstemmelse med et tilbud fra S\u00e6lger, men alene efter ordre fra K\u00f8ber, leveres i henhold til S\u00e6lgers til en hver tid g\u00e6ldende prislister. Alle priser er eksklusive moms, told og andre skatter og afgifter. Alle priser er endvidere eksklusive eventuel fragt og emballage. 5. Betaling Betaling skal ske senest 14 dage efter leveringen, medmindre andet udtrykkeligt er aftalt mellem parterne. Betaling skal finde sted via den betalingsm\u00e5de, [&hellip;]\" \/>\n<meta property=\"og:url\" content=\"https:\/\/orderstep.dk\/en\/terms-and-conditions\/\" \/>\n<meta property=\"og:site_name\" content=\"Orderstep\" \/>\n<meta property=\"article:publisher\" content=\"https:\/\/www.facebook.com\/Orderstep\" \/>\n<meta property=\"article:modified_time\" content=\"2025-08-15T07:56:46+00:00\" \/>\n<meta property=\"og:image\" content=\"https:\/\/orderstep.dk\/wp-content\/uploads\/2025\/09\/orderstep-skrift-og-logo.png\" \/>\n\t<meta property=\"og:image:width\" content=\"1198\" \/>\n\t<meta property=\"og:image:height\" content=\"676\" \/>\n\t<meta property=\"og:image:type\" content=\"image\/png\" \/>\n<meta name=\"twitter:card\" content=\"summary_large_image\" \/>\n<meta name=\"twitter:label1\" content=\"Estimated reading time\" \/>\n\t<meta name=\"twitter:data1\" content=\"4 minutes\" \/>\n<script type=\"application\/ld+json\" class=\"yoast-schema-graph\">{\"@context\":\"https:\\\/\\\/schema.org\",\"@graph\":[{\"@type\":\"WebPage\",\"@id\":\"https:\\\/\\\/orderstep.dk\\\/terms-and-conditions\\\/\",\"url\":\"https:\\\/\\\/orderstep.dk\\\/terms-and-conditions\\\/\",\"name\":\"Handelsbetingelser - Orderstep\",\"isPartOf\":{\"@id\":\"https:\\\/\\\/orderstep.dk\\\/#website\"},\"datePublished\":\"2025-08-12T09:39:23+00:00\",\"dateModified\":\"2025-08-15T07:56:46+00:00\",\"breadcrumb\":{\"@id\":\"https:\\\/\\\/orderstep.dk\\\/terms-and-conditions\\\/#breadcrumb\"},\"inLanguage\":\"en-GB\",\"potentialAction\":[{\"@type\":\"ReadAction\",\"target\":[\"https:\\\/\\\/orderstep.dk\\\/terms-and-conditions\\\/\"]}]},{\"@type\":\"BreadcrumbList\",\"@id\":\"https:\\\/\\\/orderstep.dk\\\/terms-and-conditions\\\/#breadcrumb\",\"itemListElement\":[{\"@type\":\"ListItem\",\"position\":1,\"name\":\"Hjem\",\"item\":\"https:\\\/\\\/orderstep.dk\\\/\"},{\"@type\":\"ListItem\",\"position\":2,\"name\":\"Handelsbetingelser\"}]},{\"@type\":\"WebSite\",\"@id\":\"https:\\\/\\\/orderstep.dk\\\/#website\",\"url\":\"https:\\\/\\\/orderstep.dk\\\/\",\"name\":\"Orderstep\",\"description\":\"\",\"publisher\":{\"@id\":\"https:\\\/\\\/orderstep.dk\\\/#organization\"},\"potentialAction\":[{\"@type\":\"SearchAction\",\"target\":{\"@type\":\"EntryPoint\",\"urlTemplate\":\"https:\\\/\\\/orderstep.dk\\\/?s={search_term_string}\"},\"query-input\":{\"@type\":\"PropertyValueSpecification\",\"valueRequired\":true,\"valueName\":\"search_term_string\"}}],\"inLanguage\":\"en-GB\"},{\"@type\":\"Organization\",\"@id\":\"https:\\\/\\\/orderstep.dk\\\/#organization\",\"name\":\"Orderstep ApS\",\"url\":\"https:\\\/\\\/orderstep.dk\\\/\",\"logo\":{\"@type\":\"ImageObject\",\"inLanguage\":\"en-GB\",\"@id\":\"https:\\\/\\\/orderstep.dk\\\/#\\\/schema\\\/logo\\\/image\\\/\",\"url\":\"https:\\\/\\\/orderstep.dk\\\/wp-content\\\/uploads\\\/2025\\\/09\\\/300x300_px_orderstep_linkedin_logo2.png\",\"contentUrl\":\"https:\\\/\\\/orderstep.dk\\\/wp-content\\\/uploads\\\/2025\\\/09\\\/300x300_px_orderstep_linkedin_logo2.png\",\"width\":300,\"height\":300,\"caption\":\"Orderstep ApS\"},\"image\":{\"@id\":\"https:\\\/\\\/orderstep.dk\\\/#\\\/schema\\\/logo\\\/image\\\/\"},\"sameAs\":[\"https:\\\/\\\/www.facebook.com\\\/Orderstep\",\"https:\\\/\\\/www.youtube.com\\\/@Orderstep\",\"https:\\\/\\\/www.linkedin.com\\\/company\\\/orderstep\\\/\"]}]}<\/script>\n<!-- \/ Yoast SEO plugin. -->","yoast_head_json":{"title":"Terms and conditions - Orderstep","robots":{"index":"index","follow":"follow","max-snippet":"max-snippet:-1","max-image-preview":"max-image-preview:large","max-video-preview":"max-video-preview:-1"},"canonical":"https:\/\/orderstep.dk\/en\/terms-and-conditions\/","og_locale":"en_GB","og_type":"article","og_title":"Handelsbetingelser - Orderstep","og_description":"Handelsbetingelser1. Generelt Enhver aftale om salg, levering af produkter eller serviceydelser (herefter ben\u00e6vnt \u201dSalgsgenstanden\u201d) fra orderstep ApS, CVR-nr. 39107457 (herefter ben\u00e6vnt \u201dS\u00e6lger\u201d) til en aftager af S\u00e6lgers produkter eller serviceydelser (herefter ben\u00e6vnt \u201dK\u00f8ber\u201d) finder sted p\u00e5 grundlag af n\u00e6rv\u00e6rende salgs- og leveringsbetingelser (herefter ben\u00e6vnt \u201dSalgs- og leveringsbetingelserne\u201d). 2. Aftalegrundlag Salgs- og leveringsbetingelserne udg\u00f8r sammen med S\u00e6lgers tilbud, ordrebekr\u00e6ftelse(r) og databehandleraftale(r) det samlede aftalegrundlag om S\u00e6lgers salg og levering af produkter og serviceydelser til K\u00f8ber (herefter ben\u00e6vnt \u201dAftalegrundlaget\u201d). Salgs- og leveringsbetingelserne finder tillige anvendelse, hvis salg og levering alene sker p\u00e5 baggrund af ordre fra K\u00f8ber. Enhver fravigelse af Aftalegrundlaget skal aftales skriftligt mellem parterne. 3. Tilbud S\u00e6lgers tilbud til K\u00f8ber er alene bindende for S\u00e6lger i 14 dage. Tilbud fra S\u00e6lger skal accepteres skriftligt af K\u00f8ber. 4. Priser Hvis leveringen ikke sker i overensstemmelse med et tilbud fra S\u00e6lger, men alene efter ordre fra K\u00f8ber, leveres i henhold til S\u00e6lgers til en hver tid g\u00e6ldende prislister. Alle priser er eksklusive moms, told og andre skatter og afgifter. Alle priser er endvidere eksklusive eventuel fragt og emballage. 5. Betaling Betaling skal ske senest 14 dage efter leveringen, medmindre andet udtrykkeligt er aftalt mellem parterne. Betaling skal finde sted via den betalingsm\u00e5de, [&hellip;]","og_url":"https:\/\/orderstep.dk\/en\/terms-and-conditions\/","og_site_name":"Orderstep","article_publisher":"https:\/\/www.facebook.com\/Orderstep","article_modified_time":"2025-08-15T07:56:46+00:00","og_image":[{"width":1198,"height":676,"url":"https:\/\/orderstep.dk\/wp-content\/uploads\/2025\/09\/orderstep-skrift-og-logo.png","type":"image\/png"}],"twitter_card":"summary_large_image","twitter_misc":{"Estimated reading time":"4 minutes"},"schema":{"@context":"https:\/\/schema.org","@graph":[{"@type":"WebPage","@id":"https:\/\/orderstep.dk\/terms-and-conditions\/","url":"https:\/\/orderstep.dk\/terms-and-conditions\/","name":"Terms and conditions - Orderstep","isPartOf":{"@id":"https:\/\/orderstep.dk\/#website"},"datePublished":"2025-08-12T09:39:23+00:00","dateModified":"2025-08-15T07:56:46+00:00","breadcrumb":{"@id":"https:\/\/orderstep.dk\/terms-and-conditions\/#breadcrumb"},"inLanguage":"en-GB","potentialAction":[{"@type":"ReadAction","target":["https:\/\/orderstep.dk\/terms-and-conditions\/"]}]},{"@type":"BreadcrumbList","@id":"https:\/\/orderstep.dk\/terms-and-conditions\/#breadcrumb","itemListElement":[{"@type":"ListItem","position":1,"name":"Hjem","item":"https:\/\/orderstep.dk\/"},{"@type":"ListItem","position":2,"name":"Handelsbetingelser"}]},{"@type":"WebSite","@id":"https:\/\/orderstep.dk\/#website","url":"https:\/\/orderstep.dk\/","name":"Order step","description":"","publisher":{"@id":"https:\/\/orderstep.dk\/#organization"},"potentialAction":[{"@type":"SearchAction","target":{"@type":"EntryPoint","urlTemplate":"https:\/\/orderstep.dk\/?s={search_term_string}"},"query-input":{"@type":"PropertyValueSpecification","valueRequired":true,"valueName":"search_term_string"}}],"inLanguage":"en-GB"},{"@type":"Organization","@id":"https:\/\/orderstep.dk\/#organization","name":"Orderstep ApS","url":"https:\/\/orderstep.dk\/","logo":{"@type":"ImageObject","inLanguage":"en-GB","@id":"https:\/\/orderstep.dk\/#\/schema\/logo\/image\/","url":"https:\/\/orderstep.dk\/wp-content\/uploads\/2025\/09\/300x300_px_orderstep_linkedin_logo2.png","contentUrl":"https:\/\/orderstep.dk\/wp-content\/uploads\/2025\/09\/300x300_px_orderstep_linkedin_logo2.png","width":300,"height":300,"caption":"Orderstep ApS"},"image":{"@id":"https:\/\/orderstep.dk\/#\/schema\/logo\/image\/"},"sameAs":["https:\/\/www.facebook.com\/Orderstep","https:\/\/www.youtube.com\/@Orderstep","https:\/\/www.linkedin.com\/company\/orderstep\/"]}]}},"_links":{"self":[{"href":"https:\/\/orderstep.dk\/en\/wp-json\/wp\/v2\/pages\/26511","targetHints":{"allow":["GET"]}}],"collection":[{"href":"https:\/\/orderstep.dk\/en\/wp-json\/wp\/v2\/pages"}],"about":[{"href":"https:\/\/orderstep.dk\/en\/wp-json\/wp\/v2\/types\/page"}],"author":[{"embeddable":true,"href":"https:\/\/orderstep.dk\/en\/wp-json\/wp\/v2\/users\/1"}],"replies":[{"embeddable":true,"href":"https:\/\/orderstep.dk\/en\/wp-json\/wp\/v2\/comments?post=26511"}],"version-history":[{"count":4,"href":"https:\/\/orderstep.dk\/en\/wp-json\/wp\/v2\/pages\/26511\/revisions"}],"predecessor-version":[{"id":26805,"href":"https:\/\/orderstep.dk\/en\/wp-json\/wp\/v2\/pages\/26511\/revisions\/26805"}],"wp:attachment":[{"href":"https:\/\/orderstep.dk\/en\/wp-json\/wp\/v2\/media?parent=26511"}],"curies":[{"name":"wp","href":"https:\/\/api.w.org\/{rel}","templated":true}]}}