{"id":2,"date":"2025-07-15T13:20:04","date_gmt":"2025-07-15T11:20:04","guid":{"rendered":"http:\/\/orderstep.dk.dedivirt3426.your-server.de\/?page_id=2"},"modified":"2025-07-15T13:20:04","modified_gmt":"2025-07-15T11:20:04","slug":"example-page","status":"publish","type":"page","link":"https:\/\/orderstep.dk\/en\/eksempel-side\/","title":{"rendered":"Example page"},"content":{"rendered":"<p>This is an example page. It is different from a blog post because it will stay in one place and will show up in your site navigation (in most themes). Most people start with an About page that introduces them to potential website visitors. For example, it could say:<\/p>\n\n\n\n<blockquote class=\"wp-block-quote is-layout-flow wp-block-quote-is-layout-flow\"><p>Hello!!! I'm a bike messenger by day, aspiring actor by night, and this is my website. I live in Los Angeles, have an awesome dog named Jack, and I love pi\u00f1a coladas (and getting caught in the rain.)<\/p><\/blockquote>\n\n\n\n<p>...or something like this:<\/p>\n\n\n\n<blockquote class=\"wp-block-quote is-layout-flow wp-block-quote-is-layout-flow\"><p>Founded in 1971, XYZ Dingenot has been providing quality Dingenots to the public ever since. Located in Gotham City, XYZ employs over 2,000 people and does all kinds of amazing things for the Gotham community.<\/p><\/blockquote>\n\n\n\n<p>As a new WordPress user, you should go to <a href=\"https:\/\/ny.orderstep.dk\/wp-admin\/\">your control panel<\/a> to delete this page and create new pages for your content. Have fun!<\/p>","protected":false},"excerpt":{"rendered":"<p>Dette er en eksempelside. Den er forskellig fra et blogindl\u00e6g fordi at den vil forblive \u00e9t sted og vil dukke op i dit websteds navigation (i de fleste temaer). De fleste folk starter med en Om side der introducerer dem til potentielle bes\u00f8gende p\u00e5 webstedet. Der kunne for eksempel st\u00e5: Hej! Jeg er et cykelbud [&hellip;]<\/p>\n","protected":false},"author":1,"featured_media":0,"parent":0,"menu_order":0,"comment_status":"closed","ping_status":"open","template":"","meta":{"_et_pb_use_builder":"","_et_pb_old_content":"","_et_gb_content_width":"","inline_featured_image":false,"footnotes":""},"class_list":["post-2","page","type-page","status-publish","hentry"],"yoast_head":"<!-- This site is optimized with the Yoast SEO plugin v27.3 - https:\/\/yoast.com\/product\/yoast-seo-wordpress\/ -->\n<title>Eksempelside - Orderstep<\/title>\n<meta name=\"robots\" content=\"index, follow, max-snippet:-1, max-image-preview:large, max-video-preview:-1\" \/>\n<link rel=\"canonical\" href=\"https:\/\/orderstep.dk\/en\/example-page\/\" \/>\n<meta property=\"og:locale\" content=\"en_GB\" \/>\n<meta property=\"og:type\" content=\"article\" \/>\n<meta property=\"og:title\" content=\"Eksempelside - Orderstep\" \/>\n<meta property=\"og:description\" content=\"Dette er en eksempelside. Den er forskellig fra et blogindl\u00e6g fordi at den vil forblive \u00e9t sted og vil dukke op i dit websteds navigation (i de fleste temaer). De fleste folk starter med en Om side der introducerer dem til potentielle bes\u00f8gende p\u00e5 webstedet. Der kunne for eksempel st\u00e5: Hej! Jeg er et cykelbud [&hellip;]\" \/>\n<meta property=\"og:url\" content=\"https:\/\/orderstep.dk\/en\/example-page\/\" \/>\n<meta property=\"og:site_name\" content=\"Orderstep\" \/>\n<meta property=\"article:publisher\" content=\"https:\/\/www.facebook.com\/Orderstep\" \/>\n<meta property=\"og:image\" content=\"https:\/\/orderstep.dk\/wp-content\/uploads\/2025\/09\/orderstep-skrift-og-logo.png\" \/>\n\t<meta property=\"og:image:width\" content=\"1198\" \/>\n\t<meta property=\"og:image:height\" content=\"676\" \/>\n\t<meta property=\"og:image:type\" content=\"image\/png\" \/>\n<meta name=\"twitter:card\" content=\"summary_large_image\" \/>\n<meta name=\"twitter:label1\" content=\"Estimated reading time\" \/>\n\t<meta name=\"twitter:data1\" content=\"1 minute\" \/>\n<script type=\"application\/ld+json\" class=\"yoast-schema-graph\">{\"@context\":\"https:\\\/\\\/schema.org\",\"@graph\":[{\"@type\":\"WebPage\",\"@id\":\"https:\\\/\\\/orderstep.dk\\\/eksempel-side\\\/\",\"url\":\"https:\\\/\\\/orderstep.dk\\\/eksempel-side\\\/\",\"name\":\"Eksempelside - Orderstep\",\"isPartOf\":{\"@id\":\"https:\\\/\\\/orderstep.dk\\\/#website\"},\"datePublished\":\"2025-07-15T11:20:04+00:00\",\"breadcrumb\":{\"@id\":\"https:\\\/\\\/orderstep.dk\\\/eksempel-side\\\/#breadcrumb\"},\"inLanguage\":\"en-GB\",\"potentialAction\":[{\"@type\":\"ReadAction\",\"target\":[\"https:\\\/\\\/orderstep.dk\\\/eksempel-side\\\/\"]}]},{\"@type\":\"BreadcrumbList\",\"@id\":\"https:\\\/\\\/orderstep.dk\\\/eksempel-side\\\/#breadcrumb\",\"itemListElement\":[{\"@type\":\"ListItem\",\"position\":1,\"name\":\"Hjem\",\"item\":\"https:\\\/\\\/orderstep.dk\\\/\"},{\"@type\":\"ListItem\",\"position\":2,\"name\":\"Eksempelside\"}]},{\"@type\":\"WebSite\",\"@id\":\"https:\\\/\\\/orderstep.dk\\\/#website\",\"url\":\"https:\\\/\\\/orderstep.dk\\\/\",\"name\":\"Orderstep\",\"description\":\"\",\"publisher\":{\"@id\":\"https:\\\/\\\/orderstep.dk\\\/#organization\"},\"potentialAction\":[{\"@type\":\"SearchAction\",\"target\":{\"@type\":\"EntryPoint\",\"urlTemplate\":\"https:\\\/\\\/orderstep.dk\\\/?s={search_term_string}\"},\"query-input\":{\"@type\":\"PropertyValueSpecification\",\"valueRequired\":true,\"valueName\":\"search_term_string\"}}],\"inLanguage\":\"en-GB\"},{\"@type\":\"Organization\",\"@id\":\"https:\\\/\\\/orderstep.dk\\\/#organization\",\"name\":\"Orderstep ApS\",\"url\":\"https:\\\/\\\/orderstep.dk\\\/\",\"logo\":{\"@type\":\"ImageObject\",\"inLanguage\":\"en-GB\",\"@id\":\"https:\\\/\\\/orderstep.dk\\\/#\\\/schema\\\/logo\\\/image\\\/\",\"url\":\"https:\\\/\\\/orderstep.dk\\\/wp-content\\\/uploads\\\/2025\\\/09\\\/300x300_px_orderstep_linkedin_logo2.png\",\"contentUrl\":\"https:\\\/\\\/orderstep.dk\\\/wp-content\\\/uploads\\\/2025\\\/09\\\/300x300_px_orderstep_linkedin_logo2.png\",\"width\":300,\"height\":300,\"caption\":\"Orderstep ApS\"},\"image\":{\"@id\":\"https:\\\/\\\/orderstep.dk\\\/#\\\/schema\\\/logo\\\/image\\\/\"},\"sameAs\":[\"https:\\\/\\\/www.facebook.com\\\/Orderstep\",\"https:\\\/\\\/www.youtube.com\\\/@Orderstep\",\"https:\\\/\\\/www.linkedin.com\\\/company\\\/orderstep\\\/\"]}]}<\/script>\n<!-- \/ Yoast SEO plugin. -->","yoast_head_json":{"title":"Example page - Order step","robots":{"index":"index","follow":"follow","max-snippet":"max-snippet:-1","max-image-preview":"max-image-preview:large","max-video-preview":"max-video-preview:-1"},"canonical":"https:\/\/orderstep.dk\/en\/example-page\/","og_locale":"en_GB","og_type":"article","og_title":"Eksempelside - Orderstep","og_description":"Dette er en eksempelside. Den er forskellig fra et blogindl\u00e6g fordi at den vil forblive \u00e9t sted og vil dukke op i dit websteds navigation (i de fleste temaer). De fleste folk starter med en Om side der introducerer dem til potentielle bes\u00f8gende p\u00e5 webstedet. Der kunne for eksempel st\u00e5: Hej! Jeg er et cykelbud [&hellip;]","og_url":"https:\/\/orderstep.dk\/en\/example-page\/","og_site_name":"Orderstep","article_publisher":"https:\/\/www.facebook.com\/Orderstep","og_image":[{"width":1198,"height":676,"url":"https:\/\/orderstep.dk\/wp-content\/uploads\/2025\/09\/orderstep-skrift-og-logo.png","type":"image\/png"}],"twitter_card":"summary_large_image","twitter_misc":{"Estimated reading time":"1 minute"},"schema":{"@context":"https:\/\/schema.org","@graph":[{"@type":"WebPage","@id":"https:\/\/orderstep.dk\/eksempel-side\/","url":"https:\/\/orderstep.dk\/eksempel-side\/","name":"Example page - Order step","isPartOf":{"@id":"https:\/\/orderstep.dk\/#website"},"datePublished":"2025-07-15T11:20:04+00:00","breadcrumb":{"@id":"https:\/\/orderstep.dk\/eksempel-side\/#breadcrumb"},"inLanguage":"en-GB","potentialAction":[{"@type":"ReadAction","target":["https:\/\/orderstep.dk\/eksempel-side\/"]}]},{"@type":"BreadcrumbList","@id":"https:\/\/orderstep.dk\/eksempel-side\/#breadcrumb","itemListElement":[{"@type":"ListItem","position":1,"name":"Hjem","item":"https:\/\/orderstep.dk\/"},{"@type":"ListItem","position":2,"name":"Eksempelside"}]},{"@type":"WebSite","@id":"https:\/\/orderstep.dk\/#website","url":"https:\/\/orderstep.dk\/","name":"Order step","description":"","publisher":{"@id":"https:\/\/orderstep.dk\/#organization"},"potentialAction":[{"@type":"SearchAction","target":{"@type":"EntryPoint","urlTemplate":"https:\/\/orderstep.dk\/?s={search_term_string}"},"query-input":{"@type":"PropertyValueSpecification","valueRequired":true,"valueName":"search_term_string"}}],"inLanguage":"en-GB"},{"@type":"Organization","@id":"https:\/\/orderstep.dk\/#organization","name":"Orderstep ApS","url":"https:\/\/orderstep.dk\/","logo":{"@type":"ImageObject","inLanguage":"en-GB","@id":"https:\/\/orderstep.dk\/#\/schema\/logo\/image\/","url":"https:\/\/orderstep.dk\/wp-content\/uploads\/2025\/09\/300x300_px_orderstep_linkedin_logo2.png","contentUrl":"https:\/\/orderstep.dk\/wp-content\/uploads\/2025\/09\/300x300_px_orderstep_linkedin_logo2.png","width":300,"height":300,"caption":"Orderstep ApS"},"image":{"@id":"https:\/\/orderstep.dk\/#\/schema\/logo\/image\/"},"sameAs":["https:\/\/www.facebook.com\/Orderstep","https:\/\/www.youtube.com\/@Orderstep","https:\/\/www.linkedin.com\/company\/orderstep\/"]}]}},"_links":{"self":[{"href":"https:\/\/orderstep.dk\/en\/wp-json\/wp\/v2\/pages\/2","targetHints":{"allow":["GET"]}}],"collection":[{"href":"https:\/\/orderstep.dk\/en\/wp-json\/wp\/v2\/pages"}],"about":[{"href":"https:\/\/orderstep.dk\/en\/wp-json\/wp\/v2\/types\/page"}],"author":[{"embeddable":true,"href":"https:\/\/orderstep.dk\/en\/wp-json\/wp\/v2\/users\/1"}],"replies":[{"embeddable":true,"href":"https:\/\/orderstep.dk\/en\/wp-json\/wp\/v2\/comments?post=2"}],"version-history":[{"count":0,"href":"https:\/\/orderstep.dk\/en\/wp-json\/wp\/v2\/pages\/2\/revisions"}],"wp:attachment":[{"href":"https:\/\/orderstep.dk\/en\/wp-json\/wp\/v2\/media?parent=2"}],"curies":[{"name":"wp","href":"https:\/\/api.w.org\/{rel}","templated":true}]}}